{"id":1002,"date":"2014-03-30T17:19:08","date_gmt":"2014-03-30T16:19:08","guid":{"rendered":"http:\/\/www.psnv-saarland.de\/?page_id=1002"},"modified":"2016-07-24T20:59:09","modified_gmt":"2016-07-24T19:59:09","slug":"einsatzgebiete","status":"publish","type":"page","link":"https:\/\/notfallseelsorge.saarland\/index.php\/einsatzgebiete\/","title":{"rendered":"Einsatzgebiete"},"content":{"rendered":"<p>Der Fachdienst f\u00fcr psychosoziale Notfallversorgung (PSNV) umfasst die Akuthilfe (psychosoziale Notfallversorgung f\u00fcr Betroffene = PSNV-B) sowie die psychosoziale Notfallversorgung f\u00fcr Einsatzkr\u00e4fte (kurz PSNV-E) im Saarland.<\/p>\n<p>In Zusammenarbeit mit Feuerwehren, Rettungsdienst, Polizei und Katastrophenschutz leisten unsere Fachkr\u00e4fte \u201cErste Hilfe f\u00fcr die Seele\u201d, wenn Menschen in Notf\u00e4lle verwickelt werden.<\/p>\n<p><!--more-->Zudem stehen speziell ausgebildete Teams von Mitarbeiterinnen und Mitarbeitern landesweit f\u00fcr die Vor- und Nachsorge von Einsatzkr\u00e4ften (PSNV-E) bereit. Sie bereiten Einsatzkr\u00e4fte auf extreme Situationen vor und k\u00f6nnen sie dabei unterst\u00fctzen, au\u00dferordentliche Eins\u00e4tze zu Bew\u00e4ltigen.<\/p>\n<p>Falls Opfer, Angeh\u00f6rige oder Einsatzkr\u00e4fte nach einem Einsatz weitergehende Unterst\u00fctzung w\u00fcnschen, gibt es unterschiedliche Verkn\u00fcpfungen und Partnerschaften zu anerkannten und kompetenten Tr\u00e4gern, die diese Aufgabe wahrnehmen k\u00f6nnen, bis die Betroffenen eine Unterst\u00fctzung durch die Fachkraft ihrer Wahl erhalten k\u00f6nnen.<\/p>\n<p>Es bestehen sehr enge Kontakte zu den aktiven Systemen unserer Nachbarl\u00e4nder, um so eine bestm\u00f6gliche grenz\u00fcberschreitende Unterst\u00fctzung zu gew\u00e4hrleisten.<\/p>\n<p>Der Seelsorgeauftrag wird landesweit auf \u00f6kumenischer Basis wahrgenommen. Alle Leistungen sind jedoch unabh\u00e4ngig von einer religi\u00f6sen oder kirchlichen Zugeh\u00f6rigkeit.<\/p>\n<p>Die Teams bestehen aus speziell f\u00fcr diesen Zweck ausgebildeten Mitarbeitern unterschiedlicher Hilfsorganisationen und Feuerwehren, sowie aus Geistlichen, Psychologen und verwandten Berufsgruppen. Sie alle verrichten ihren Dienst ehrenamtlich.<\/p>\n","protected":false},"excerpt":{"rendered":"<p>Der Fachdienst f\u00fcr psychosoziale Notfallversorgung (PSNV) umfasst die Akuthilfe (psychosoziale Notfallversorgung f\u00fcr Betroffene = PSNV-B) sowie die psychosoziale Notfallversorgung f\u00fcr Einsatzkr\u00e4fte (kurz PSNV-E) im Saarland. In Zusammenarbeit mit Feuerwehren, Rettungsdienst, Polizei und Katastrophenschutz leisten unsere Fachkr\u00e4fte \u201cErste Hilfe f\u00fcr die Seele\u201d, wenn Menschen in Notf\u00e4lle verwickelt werden.<\/p>\n","protected":false},"author":1,"featured_media":0,"parent":0,"menu_order":0,"comment_status":"open","ping_status":"open","template":"","meta":{"_eb_attr":"","_uag_custom_page_level_css":"","site-sidebar-layout":"default","site-content-layout":"","ast-site-content-layout":"default","site-content-style":"default","site-sidebar-style":"default","ast-global-header-display":"","ast-banner-title-visibility":"","ast-main-header-display":"","ast-hfb-above-header-display":"","ast-hfb-below-header-display":"","ast-hfb-mobile-header-display":"","site-post-title":"","ast-breadcrumbs-content":"","ast-featured-img":"","footer-sml-layout":"","theme-transparent-header-meta":"","adv-header-id-meta":"","stick-header-meta":"","header-above-stick-meta":"","header-main-stick-meta":"","header-below-stick-meta":"","astra-migrate-meta-layouts":"default","ast-page-background-enabled":"default","ast-page-background-meta":{"desktop":{"background-color":"var(--ast-global-color-4)","background-image":"","background-repeat":"repeat","background-position":"center center","background-size":"auto","background-attachment":"scroll","background-type":"","background-media":"","overlay-type":"","overlay-color":"","overlay-opacity":"","overlay-gradient":""},"tablet":{"background-color":"","background-image":"","background-repeat":"repeat","background-position":"center center","background-size":"auto","background-attachment":"scroll","background-type":"","background-media":"","overlay-type":"","overlay-color":"","overlay-opacity":"","overlay-gradient":""},"mobile":{"background-color":"","background-image":"","background-repeat":"repeat","background-position":"center center","background-size":"auto","background-attachment":"scroll","background-type":"","background-media":"","overlay-type":"","overlay-color":"","overlay-opacity":"","overlay-gradient":""}},"ast-content-background-meta":{"desktop":{"background-color":"var(--ast-global-color-5)","background-image":"","background-repeat":"repeat","background-position":"center center","background-size":"auto","background-attachment":"scroll","background-type":"","background-media":"","overlay-type":"","overlay-color":"","overlay-opacity":"","overlay-gradient":""},"tablet":{"background-color":"var(--ast-global-color-5)","background-image":"","background-repeat":"repeat","background-position":"center center","background-size":"auto","background-attachment":"scroll","background-type":"","background-media":"","overlay-type":"","overlay-color":"","overlay-opacity":"","overlay-gradient":""},"mobile":{"background-color":"var(--ast-global-color-5)","background-image":"","background-repeat":"repeat","background-position":"center center","background-size":"auto","background-attachment":"scroll","background-type":"","background-media":"","overlay-type":"","overlay-color":"","overlay-opacity":"","overlay-gradient":""}},"footnotes":""},"class_list":["post-1002","page","type-page","status-publish","hentry"],"uagb_featured_image_src":{"full":false,"thumbnail":false,"medium":false,"medium_large":false,"large":false,"1536x1536":false,"2048x2048":false},"uagb_author_info":{"display_name":"admin","author_link":"https:\/\/notfallseelsorge.saarland\/index.php\/author\/admin\/"},"uagb_comment_info":0,"uagb_excerpt":"Der Fachdienst f\u00fcr psychosoziale Notfallversorgung (PSNV) umfasst die Akuthilfe (psychosoziale Notfallversorgung f\u00fcr Betroffene = PSNV-B) sowie die psychosoziale Notfallversorgung f\u00fcr Einsatzkr\u00e4fte (kurz PSNV-E) im Saarland. In Zusammenarbeit mit Feuerwehren, Rettungsdienst, Polizei und Katastrophenschutz leisten unsere Fachkr\u00e4fte \u201cErste Hilfe f\u00fcr die Seele\u201d, wenn Menschen in Notf\u00e4lle verwickelt werden.","_links":{"self":[{"href":"https:\/\/notfallseelsorge.saarland\/index.php\/wp-json\/wp\/v2\/pages\/1002","targetHints":{"allow":["GET"]}}],"collection":[{"href":"https:\/\/notfallseelsorge.saarland\/index.php\/wp-json\/wp\/v2\/pages"}],"about":[{"href":"https:\/\/notfallseelsorge.saarland\/index.php\/wp-json\/wp\/v2\/types\/page"}],"author":[{"embeddable":true,"href":"https:\/\/notfallseelsorge.saarland\/index.php\/wp-json\/wp\/v2\/users\/1"}],"replies":[{"embeddable":true,"href":"https:\/\/notfallseelsorge.saarland\/index.php\/wp-json\/wp\/v2\/comments?post=1002"}],"version-history":[{"count":6,"href":"https:\/\/notfallseelsorge.saarland\/index.php\/wp-json\/wp\/v2\/pages\/1002\/revisions"}],"predecessor-version":[{"id":1342,"href":"https:\/\/notfallseelsorge.saarland\/index.php\/wp-json\/wp\/v2\/pages\/1002\/revisions\/1342"}],"wp:attachment":[{"href":"https:\/\/notfallseelsorge.saarland\/index.php\/wp-json\/wp\/v2\/media?parent=1002"}],"curies":[{"name":"wp","href":"https:\/\/api.w.org\/{rel}","templated":true}]}}