{"id":11,"date":"2008-03-19T09:05:09","date_gmt":"2008-03-19T08:05:09","guid":{"rendered":"http:\/\/www.psu-saarland.de\/index.php\/sie-wollen-mitarbeiten\/"},"modified":"2016-08-23T16:42:50","modified_gmt":"2016-08-23T15:42:50","slug":"machen-sie-mit","status":"publish","type":"page","link":"https:\/\/notfallseelsorge.saarland\/index.php\/machen-sie-mit\/","title":{"rendered":"Machen Sie mit"},"content":{"rendered":"<p><img loading=\"lazy\" decoding=\"async\" class=\"alignright\" src=\"\/images\/wappen-nfs-klein.gif\" alt=\"Wappen NKS\" width=\"100\" height=\"117\" align=\"right\" \/>Es gibt zwei Arbeitsbereiche, in denen Sie im Rahmen der psychosozialen Notfallversorgung (PSNV) mitarbeiten k\u00f6nnen:<\/p>\n<ul>\n<li><strong>Akuthilfe an der Einsatzstelle<\/strong><br \/>\nHierbei handelt es sich um die Kernaufgabe der Notfallseelsorge sowie der Krisenintervention. Es geht um die Begleitung von Betroffenen und Angeh\u00f6rigen an der Einsatzstelle. In diesen Bereich ist der Quereinstieg m\u00f6glich. Interessenten von anderen Organisationen m\u00fcssen beachten, dass uns im Ernstfall die Mitarbeiter aus diesem Bereich zur Verf\u00fcgung stehen m\u00fcssen. Aus diesem Grund d\u00fcrfen wir nur wenige Mitarbeiter hier einsetzen,\u00a0 die bereits einsatztaktisch an eine andere Einheit gebunden sind.Hier finden Sie <span style=\"text-decoration: underline;\"><strong><a href=\"\/index.php\/mitarbeit-in-psnv-akuthilfe\/\">weitere Informationen<\/a><\/strong><\/span><\/li>\n<\/ul>\n<ul>\n<li><strong>\u00a0Psychosoziale Notfallversorgung f\u00fcr Einsatzkr\u00e4fte PSNV E \/ fr\u00fcher Vor- und Nachsorge f\u00fcr Einsatzkr\u00e4fte (VNE) genannt<\/strong><br \/>\nHierbei handelt es sich um die Vorbereitung von Einsatzkr\u00e4ften auf extreme Belastungen und die Nachsorge von Einsatzkr\u00e4ften nach extremen Situationen. Diese T\u00e4tigkeit eignet sich sehr gut f\u00fcr aktive und erfahrene Einsatzkr\u00e4fte. In diesem Bereich ist es von Vorteil, wenn die Mitarbeiter in andere Einsatzdienste eingebunden sind.Hier finden Sie <span style=\"text-decoration: underline;\"><strong><a href=\"\/index.php\/mitarbeit-vne\/\" target=\"_self\">weitere Informationen<\/a><\/strong><\/span><\/li>\n<\/ul>\n<p>F\u00fcr Einsatzkr\u00e4fte, die an einer Fortbildung (z.B. im Rahmen der Gespr\u00e4chsf\u00fchrung) interessiert sind, gibt es spezielle Angebote. Eine Mitarbeit im Bereich PSNV ist nicht zwingend erforderlich.<\/p>\n<h4>Kontakt mit der Stelle f\u00fcr Ausbildung (Akuthilfe)<\/h4>\n\n<div class=\"wpcf7 no-js\" id=\"wpcf7-f1378-o1\" lang=\"de-DE\" dir=\"ltr\" data-wpcf7-id=\"1378\">\n<div class=\"screen-reader-response\"><p role=\"status\" aria-live=\"polite\" aria-atomic=\"true\"><\/p> <ul><\/ul><\/div>\n<form action=\"\/index.php\/wp-json\/wp\/v2\/pages\/11#wpcf7-f1378-o1\" method=\"post\" class=\"wpcf7-form init\" aria-label=\"Kontaktformular\" enctype=\"multipart\/form-data\" novalidate=\"novalidate\" data-status=\"init\">\n<fieldset class=\"hidden-fields-container\"><input type=\"hidden\" name=\"_wpcf7\" value=\"1378\" \/><input type=\"hidden\" name=\"_wpcf7_version\" value=\"6.1.6\" \/><input type=\"hidden\" name=\"_wpcf7_locale\" value=\"de_DE\" \/><input type=\"hidden\" name=\"_wpcf7_unit_tag\" value=\"wpcf7-f1378-o1\" \/><input type=\"hidden\" name=\"_wpcf7_container_post\" value=\"0\" \/><input type=\"hidden\" name=\"_wpcf7_posted_data_hash\" value=\"\" \/><input type=\"hidden\" name=\"_wpcf7_recaptcha_response\" value=\"\" \/>\n<\/fieldset>\n<p>Ihr Name (Pflichtfeld)\n<\/p>\n<p><span class=\"wpcf7-form-control-wrap\" data-name=\"your-name\"><input size=\"40\" maxlength=\"400\" class=\"wpcf7-form-control wpcf7-text wpcf7-validates-as-required\" aria-required=\"true\" aria-invalid=\"false\" value=\"\" type=\"text\" name=\"your-name\" \/><\/span>\n<\/p>\n<p>Ihre E-Mail-Adresse (Pflichtfeld)\n<\/p>\n<p><span class=\"wpcf7-form-control-wrap\" data-name=\"your-email\"><input size=\"40\" maxlength=\"400\" class=\"wpcf7-form-control wpcf7-email wpcf7-validates-as-required wpcf7-text wpcf7-validates-as-email\" aria-required=\"true\" aria-invalid=\"false\" value=\"\" type=\"email\" name=\"your-email\" \/><\/span>\n<\/p>\n<p>Betreff (Pflichtfeld)\n<\/p>\n<p><span class=\"wpcf7-form-control-wrap\" data-name=\"your-subject\"><input size=\"40\" maxlength=\"400\" class=\"wpcf7-form-control wpcf7-text wpcf7-validates-as-required\" aria-required=\"true\" aria-invalid=\"false\" value=\"\" type=\"text\" name=\"your-subject\" \/><\/span>\n<\/p>\n<p>Ihre Nachricht (Pflichtfeld)\n<\/p>\n<p><span class=\"wpcf7-form-control-wrap\" data-name=\"your-message\"><textarea cols=\"40\" rows=\"10\" maxlength=\"2000\" class=\"wpcf7-form-control wpcf7-textarea wpcf7-validates-as-required\" aria-required=\"true\" aria-invalid=\"false\" name=\"your-message\"><\/textarea><\/span>\n<\/p>\n<p><br \/>\n\n<\/p>\n<p>Datei anh\u00e4ngen: <span class=\"wpcf7-form-control-wrap\" data-name=\"file-902\"><input size=\"40\" class=\"wpcf7-form-control wpcf7-file\" accept=\"audio\/*,video\/*,image\/*\" aria-invalid=\"false\" type=\"file\" name=\"file-902\" \/><\/span>\n<\/p>\n<p><input class=\"wpcf7-form-control wpcf7-submit has-spinner\" type=\"submit\" value=\"Senden\" \/>\n<\/p><div class=\"wpcf7-response-output\" aria-hidden=\"true\"><\/div>\n<\/form>\n<\/div>\n\n","protected":false},"excerpt":{"rendered":"<p>Es gibt zwei Arbeitsbereiche, in denen Sie im Rahmen der psychosozialen Notfallversorgung (PSNV) mitarbeiten k\u00f6nnen: Akuthilfe an der Einsatzstelle Hierbei handelt es sich um die Kernaufgabe der Notfallseelsorge sowie der Krisenintervention. Es geht um die Begleitung von Betroffenen und Angeh\u00f6rigen an der Einsatzstelle. In diesen Bereich ist der Quereinstieg m\u00f6glich. Interessenten von anderen Organisationen m\u00fcssen [&hellip;]<\/p>\n","protected":false},"author":2,"featured_media":0,"parent":0,"menu_order":80,"comment_status":"closed","ping_status":"open","template":"","meta":{"_eb_attr":"","_uag_custom_page_level_css":"","site-sidebar-layout":"default","site-content-layout":"","ast-site-content-layout":"default","site-content-style":"default","site-sidebar-style":"default","ast-global-header-display":"","ast-banner-title-visibility":"","ast-main-header-display":"","ast-hfb-above-header-display":"","ast-hfb-below-header-display":"","ast-hfb-mobile-header-display":"","site-post-title":"","ast-breadcrumbs-content":"","ast-featured-img":"","footer-sml-layout":"","theme-transparent-header-meta":"","adv-header-id-meta":"","stick-header-meta":"","header-above-stick-meta":"","header-main-stick-meta":"","header-below-stick-meta":"","astra-migrate-meta-layouts":"default","ast-page-background-enabled":"default","ast-page-background-meta":{"desktop":{"background-color":"var(--ast-global-color-4)","background-image":"","background-repeat":"repeat","background-position":"center center","background-size":"auto","background-attachment":"scroll","background-type":"","background-media":"","overlay-type":"","overlay-color":"","overlay-opacity":"","overlay-gradient":""},"tablet":{"background-color":"","background-image":"","background-repeat":"repeat","background-position":"center center","background-size":"auto","background-attachment":"scroll","background-type":"","background-media":"","overlay-type":"","overlay-color":"","overlay-opacity":"","overlay-gradient":""},"mobile":{"background-color":"","background-image":"","background-repeat":"repeat","background-position":"center center","background-size":"auto","background-attachment":"scroll","background-type":"","background-media":"","overlay-type":"","overlay-color":"","overlay-opacity":"","overlay-gradient":""}},"ast-content-background-meta":{"desktop":{"background-color":"var(--ast-global-color-5)","background-image":"","background-repeat":"repeat","background-position":"center center","background-size":"auto","background-attachment":"scroll","background-type":"","background-media":"","overlay-type":"","overlay-color":"","overlay-opacity":"","overlay-gradient":""},"tablet":{"background-color":"var(--ast-global-color-5)","background-image":"","background-repeat":"repeat","background-position":"center center","background-size":"auto","background-attachment":"scroll","background-type":"","background-media":"","overlay-type":"","overlay-color":"","overlay-opacity":"","overlay-gradient":""},"mobile":{"background-color":"var(--ast-global-color-5)","background-image":"","background-repeat":"repeat","background-position":"center center","background-size":"auto","background-attachment":"scroll","background-type":"","background-media":"","overlay-type":"","overlay-color":"","overlay-opacity":"","overlay-gradient":""}},"footnotes":""},"class_list":["post-11","page","type-page","status-publish","hentry"],"uagb_featured_image_src":{"full":false,"thumbnail":false,"medium":false,"medium_large":false,"large":false,"1536x1536":false,"2048x2048":false},"uagb_author_info":{"display_name":"Ingo Vigneron","author_link":"https:\/\/notfallseelsorge.saarland\/index.php\/author\/ingo\/"},"uagb_comment_info":0,"uagb_excerpt":"Es gibt zwei Arbeitsbereiche, in denen Sie im Rahmen der psychosozialen Notfallversorgung (PSNV) mitarbeiten k\u00f6nnen: Akuthilfe an der Einsatzstelle Hierbei handelt es sich um die Kernaufgabe der Notfallseelsorge sowie der Krisenintervention. Es geht um die Begleitung von Betroffenen und Angeh\u00f6rigen an der Einsatzstelle. In diesen Bereich ist der Quereinstieg m\u00f6glich. Interessenten von anderen Organisationen m\u00fcssen&hellip;","_links":{"self":[{"href":"https:\/\/notfallseelsorge.saarland\/index.php\/wp-json\/wp\/v2\/pages\/11","targetHints":{"allow":["GET"]}}],"collection":[{"href":"https:\/\/notfallseelsorge.saarland\/index.php\/wp-json\/wp\/v2\/pages"}],"about":[{"href":"https:\/\/notfallseelsorge.saarland\/index.php\/wp-json\/wp\/v2\/types\/page"}],"author":[{"embeddable":true,"href":"https:\/\/notfallseelsorge.saarland\/index.php\/wp-json\/wp\/v2\/users\/2"}],"replies":[{"embeddable":true,"href":"https:\/\/notfallseelsorge.saarland\/index.php\/wp-json\/wp\/v2\/comments?post=11"}],"version-history":[{"count":14,"href":"https:\/\/notfallseelsorge.saarland\/index.php\/wp-json\/wp\/v2\/pages\/11\/revisions"}],"predecessor-version":[{"id":1384,"href":"https:\/\/notfallseelsorge.saarland\/index.php\/wp-json\/wp\/v2\/pages\/11\/revisions\/1384"}],"wp:attachment":[{"href":"https:\/\/notfallseelsorge.saarland\/index.php\/wp-json\/wp\/v2\/media?parent=11"}],"curies":[{"name":"wp","href":"https:\/\/api.w.org\/{rel}","templated":true}]}}