{"id":1109,"date":"2015-05-05T13:14:15","date_gmt":"2015-05-05T12:14:15","guid":{"rendered":"http:\/\/www.psnv-saarland.de\/?page_id=1109"},"modified":"2024-05-14T19:05:45","modified_gmt":"2024-05-14T18:05:45","slug":"hyperlinks","status":"publish","type":"page","link":"https:\/\/notfallseelsorge.saarland\/index.php\/hyperlinks\/","title":{"rendered":"Links"},"content":{"rendered":"<h3>Unsere Kooperationspartner<\/h3>\n<p><a href=\"http:\/\/www.suppsy.lu\/\" target=\"_blank\" rel=\"noopener\">GSP Luxembourg<\/a> &#8211; Groupe de Support Psychologique ist die Enstprechung der NKS in unserem Nachbarland.<\/p>\n<p><a href=\"http:\/\/www.telefonseelsorge-saar.de\/\" target=\"_blank\" rel=\"noopener\">Telefonseelsorge Saar<\/a> &#8211; Die Telefonseelsorge Saar ist die \u00f6kumenische Beratungsstelle im Saarland, die rund um die Uhr eine konstenfreie und anonyme mentale Unterst\u00fctzung bietet.<\/p>\n<p><a href=\"https:\/\/www.notfallpsychologie.net\/\" target=\"_blank\" rel=\"noopener\">notfallpsychologie.net<\/a> &#8211; unterst\u00fctzende Angebote des Berufsverbandes Deutscher Psychologen e.V. (BDP) f\u00fcr Betroffene, Psychologen und Beh\u00f6rden<\/p>\n<h3>Beh\u00f6rden und Organisationen<\/h3>\n<p><a href=\"http:\/\/www.bbk.bund.de\" target=\"_blank\" rel=\"noopener\">Bundesamt f\u00fcr Bev\u00f6lkerungsschutz und Katastrophenhilfe<\/a> &#8211; insbesondere die Abteilung f\u00fcr Nachsorge, Opfer- und Angeh\u00f6rigenhilfe (NOAH) sind die zentrale Koordinationsstelle (Bundesebene) f\u00fcr die Zusammenarbeit der PSNV-Organisationen (Landesebene).<\/p>\n<p><a href=\"http:\/\/www.saarland.de\/ministerium_inneres_sport.htm\" target=\"_blank\" rel=\"noopener\">Ministerium f\u00fcr Inneres und Sport<\/a> &#8211; die Aufsichtsbeh\u00f6rde zust\u00e4ndig f\u00fcr den Katastrophenschutz im Saarland.<\/p>\n","protected":false},"excerpt":{"rendered":"<p>Unsere Kooperationspartner GSP Luxembourg &#8211; Groupe de Support Psychologique ist die Enstprechung der NKS in unserem Nachbarland. Telefonseelsorge Saar &#8211; Die Telefonseelsorge Saar ist die \u00f6kumenische Beratungsstelle im Saarland, die rund um die Uhr eine konstenfreie und anonyme mentale Unterst\u00fctzung bietet. notfallpsychologie.net &#8211; unterst\u00fctzende Angebote des Berufsverbandes Deutscher Psychologen e.V. (BDP) f\u00fcr Betroffene, Psychologen und [&hellip;]<\/p>\n","protected":false},"author":5,"featured_media":0,"parent":0,"menu_order":0,"comment_status":"closed","ping_status":"closed","template":"","meta":{"_eb_attr":"","_uag_custom_page_level_css":"","site-sidebar-layout":"default","site-content-layout":"","ast-site-content-layout":"default","site-content-style":"default","site-sidebar-style":"default","ast-global-header-display":"","ast-banner-title-visibility":"","ast-main-header-display":"","ast-hfb-above-header-display":"","ast-hfb-below-header-display":"","ast-hfb-mobile-header-display":"","site-post-title":"","ast-breadcrumbs-content":"","ast-featured-img":"","footer-sml-layout":"","theme-transparent-header-meta":"","adv-header-id-meta":"","stick-header-meta":"","header-above-stick-meta":"","header-main-stick-meta":"","header-below-stick-meta":"","astra-migrate-meta-layouts":"default","ast-page-background-enabled":"default","ast-page-background-meta":{"desktop":{"background-color":"var(--ast-global-color-4)","background-image":"","background-repeat":"repeat","background-position":"center center","background-size":"auto","background-attachment":"scroll","background-type":"","background-media":"","overlay-type":"","overlay-color":"","overlay-opacity":"","overlay-gradient":""},"tablet":{"background-color":"","background-image":"","background-repeat":"repeat","background-position":"center center","background-size":"auto","background-attachment":"scroll","background-type":"","background-media":"","overlay-type":"","overlay-color":"","overlay-opacity":"","overlay-gradient":""},"mobile":{"background-color":"","background-image":"","background-repeat":"repeat","background-position":"center center","background-size":"auto","background-attachment":"scroll","background-type":"","background-media":"","overlay-type":"","overlay-color":"","overlay-opacity":"","overlay-gradient":""}},"ast-content-background-meta":{"desktop":{"background-color":"var(--ast-global-color-5)","background-image":"","background-repeat":"repeat","background-position":"center center","background-size":"auto","background-attachment":"scroll","background-type":"","background-media":"","overlay-type":"","overlay-color":"","overlay-opacity":"","overlay-gradient":""},"tablet":{"background-color":"var(--ast-global-color-5)","background-image":"","background-repeat":"repeat","background-position":"center center","background-size":"auto","background-attachment":"scroll","background-type":"","background-media":"","overlay-type":"","overlay-color":"","overlay-opacity":"","overlay-gradient":""},"mobile":{"background-color":"var(--ast-global-color-5)","background-image":"","background-repeat":"repeat","background-position":"center center","background-size":"auto","background-attachment":"scroll","background-type":"","background-media":"","overlay-type":"","overlay-color":"","overlay-opacity":"","overlay-gradient":""}},"footnotes":""},"class_list":["post-1109","page","type-page","status-publish","hentry"],"uagb_featured_image_src":{"full":false,"thumbnail":false,"medium":false,"medium_large":false,"large":false,"1536x1536":false,"2048x2048":false},"uagb_author_info":{"display_name":"Robert Kolatzek","author_link":"https:\/\/notfallseelsorge.saarland\/index.php\/author\/rk\/"},"uagb_comment_info":0,"uagb_excerpt":"Unsere Kooperationspartner GSP Luxembourg &#8211; Groupe de Support Psychologique ist die Enstprechung der NKS in unserem Nachbarland. Telefonseelsorge Saar &#8211; Die Telefonseelsorge Saar ist die \u00f6kumenische Beratungsstelle im Saarland, die rund um die Uhr eine konstenfreie und anonyme mentale Unterst\u00fctzung bietet. notfallpsychologie.net &#8211; unterst\u00fctzende Angebote des Berufsverbandes Deutscher Psychologen e.V. (BDP) f\u00fcr Betroffene, Psychologen und&hellip;","_links":{"self":[{"href":"https:\/\/notfallseelsorge.saarland\/index.php\/wp-json\/wp\/v2\/pages\/1109","targetHints":{"allow":["GET"]}}],"collection":[{"href":"https:\/\/notfallseelsorge.saarland\/index.php\/wp-json\/wp\/v2\/pages"}],"about":[{"href":"https:\/\/notfallseelsorge.saarland\/index.php\/wp-json\/wp\/v2\/types\/page"}],"author":[{"embeddable":true,"href":"https:\/\/notfallseelsorge.saarland\/index.php\/wp-json\/wp\/v2\/users\/5"}],"replies":[{"embeddable":true,"href":"https:\/\/notfallseelsorge.saarland\/index.php\/wp-json\/wp\/v2\/comments?post=1109"}],"version-history":[{"count":9,"href":"https:\/\/notfallseelsorge.saarland\/index.php\/wp-json\/wp\/v2\/pages\/1109\/revisions"}],"predecessor-version":[{"id":2178,"href":"https:\/\/notfallseelsorge.saarland\/index.php\/wp-json\/wp\/v2\/pages\/1109\/revisions\/2178"}],"wp:attachment":[{"href":"https:\/\/notfallseelsorge.saarland\/index.php\/wp-json\/wp\/v2\/media?parent=1109"}],"curies":[{"name":"wp","href":"https:\/\/api.w.org\/{rel}","templated":true}]}}