{"id":12,"date":"2008-03-19T09:16:31","date_gmt":"2008-03-19T08:16:31","guid":{"rendered":"http:\/\/www.psu-saarland.de\/index.php\/sie-wollen-mitarbeiten\/mitarbeit-vne\/"},"modified":"2020-01-02T19:59:17","modified_gmt":"2020-01-02T18:59:17","slug":"mitarbeit-vne","status":"publish","type":"page","link":"https:\/\/notfallseelsorge.saarland\/index.php\/mitarbeit-vne\/","title":{"rendered":"Mitarbeit in der PSNV-E"},"content":{"rendered":"<h2>Die Psychosoziale Notfallversorgung f\u00fcr Einsatzkr\u00e4fte<\/h2>\n<p><em>(fr\u00fcher Vor- und Nachsorge f\u00fcr Einsatzkr\u00e4fte, kurz: &#8222;VNE&#8220; genannt)<\/em><\/p>\n<p>Das Team ist ehrenamtlich und landesweit t\u00e4tig. Es ist in regionale Einheiten organisiert. Um Ihnen den f\u00fcr Sie zust\u00e4ndigen Ansprechpartner nennen zu k\u00f6nnen, ben\u00f6tigen wir Ihren Wohnort und Landkreis.<\/p>\n<p><img loading=\"lazy\" decoding=\"async\" class=\" aligncenter\" src=\"\/images\/bild_einsatz_12.jpg\" alt=\"ManV Bild\" width=\"450\" height=\"164\" align=\"middle\" \/><\/p>\n<p>Die Voraussetzungen sind unterschiedlich. Das h\u00e4ngt von dem angestrebten Aufgabenfeld ab. Grunds\u00e4tzlich sind wir f\u00fcr jeden offen, der die Bereitschaft mitbringt sich einzubringen, sich fortzubilden und die lange Auswahl-, Ausbildungs- und Aufnahmeprozedur zu durchlaufen. Nat\u00fcrlich muss der Bewerber auch in das bestehende Team passen.<\/p>\n<p><a href=\"http:\/\/www.psnv-saarland.de\/wp-content\/uploads\/6060907-B.jpg\"><img loading=\"lazy\" decoding=\"async\" class=\" size-medium wp-image-1177 alignleft\" src=\"http:\/\/www.psnv-saarland.de\/wp-content\/uploads\/6060907-B-225x300.jpg\" alt=\"Feuerwehrmann beim Verletzten\" width=\"225\" height=\"300\" srcset=\"https:\/\/notfallseelsorge.saarland\/wp-content\/uploads\/6060907-B-225x300.jpg 225w, https:\/\/notfallseelsorge.saarland\/wp-content\/uploads\/6060907-B-768x1024.jpg 768w\" sizes=\"auto, (max-width: 225px) 100vw, 225px\" \/><\/a>Wir erwarten von Personen die sich bewerben, dass sie bereits f\u00fcr Polizei, Feuerwehren oder andere Hilfsorganisationen t\u00e4tig sind oder zu psychosozialen Fachkr\u00e4ften geh\u00f6ren und einige Jahre Praxiserfahrung mit sich bringen. Die Praxiserfahrung kann aber auch noch in Praktika erfolgen.<\/p>\n<p>Die Ausbildung umfasst mehrere Kurse, die nach den Ausbildungsrichtlinien des CISM durchgef\u00fchrt werden.<\/p>\n<p>Wenn Sie bei uns mitarbeiten m\u00f6chten, m\u00fcssen Sie uns zun\u00e4chst eine Bewerbung schreiben. So k\u00f6nnen wir uns vorab ein Bild von Ihnen machen, was aufgrund des sehr sensiblen Aufgabenbereichs unumg\u00e4nglich ist.<\/p>\n<p>Orientieren Sie sich in Ihrer Bewerbung bitte an den Fragen aus unserem <a href=\"http:\/\/www.psnv-saarland.de\/wp-content\/uploads\/Anlage-a-Bewerbungsbogen-f\u00fcr-Anw\u00e4rter.pdf\" target=\"_blank\" rel=\"noopener noreferrer\">Bewerbungsbogen PSNV-Fachkraft<\/a>.<\/p>\n<p>Zudem sollten Sie noch alles erw\u00e4hnen, was wir Ihrer Meinung nach \u00fcber Sie wissen sollten.<\/p>\n<p>Wie Sie sehen, geh\u00f6ren Offenheit und Ehrlichkeit zwingend dazu. Dies beschr\u00e4nkt sich nicht nur auf das Auswahlverfahren und die Ausbildung, es bleibt auch sp\u00e4ter so bestehen.<\/p>\n<p>Schicken Sie Ihre Bewerbung per E-Mail an:<br \/>\n<strong>bewerbung<\/strong> <em>[at]<\/em> <strong>psnv-saarland .de<\/strong><\/p>\n<p><a href=\"http:\/\/www.psnv-saarland.de\/wp-content\/uploads\/6060880_v1.jpg\"><img loading=\"lazy\" decoding=\"async\" class=\" size-medium wp-image-1158 alignright\" src=\"http:\/\/www.psnv-saarland.de\/wp-content\/uploads\/6060880_v1-300x200.jpg\" alt=\"Einsatzkr\u00e4ftebesprechung\" width=\"300\" height=\"200\" srcset=\"https:\/\/notfallseelsorge.saarland\/wp-content\/uploads\/6060880_v1-300x200.jpg 300w, https:\/\/notfallseelsorge.saarland\/wp-content\/uploads\/6060880_v1-1024x683.jpg 1024w\" sizes=\"auto, (max-width: 300px) 100vw, 300px\" \/><\/a><\/p>\n<p>Ihre Bewerbung wird an den regionalen Ansprechpartner und den Sachgebietsleiter f\u00fcr die Ausbildung auf Landesebene weitergeleitet.<\/p>\n<p>Ihre Bewerbung wird gepr\u00fcft und nach einer gewissen Bearbeitungszeit wird man sich mit Ihnen in Verbindung setzen.<\/p>\n<p>Bei Bedarf und Eignung folgen ein bis zwei Einzelgespr\u00e4che.<\/p>\n<p>Sowie in Ihrem Bereich neue Mitarbeiter ausgebildet werden, das geschieht in der Regel nur einmal j\u00e4hrlich, w\u00fcrden Sie bei Zustimmung durch das Team und den Ausbildungsleiter eingeladen an der Ausbildung teilzunehmen. Es folgen dann theoretische und praktische Ausbildungsbl\u00f6cke, sowie eine Praktikumszeit (Einsatzbegleitung).<\/p>\n","protected":false},"excerpt":{"rendered":"<p>Die Psychosoziale Notfallversorgung f\u00fcr Einsatzkr\u00e4fte (fr\u00fcher Vor- und Nachsorge f\u00fcr Einsatzkr\u00e4fte, kurz: &#8222;VNE&#8220; genannt) Das Team ist ehrenamtlich und landesweit t\u00e4tig. Es ist in regionale Einheiten organisiert. Um Ihnen den f\u00fcr Sie zust\u00e4ndigen Ansprechpartner nennen zu k\u00f6nnen, ben\u00f6tigen wir Ihren Wohnort und Landkreis. Die Voraussetzungen sind unterschiedlich. Das h\u00e4ngt von dem angestrebten Aufgabenfeld ab. Grunds\u00e4tzlich [&hellip;]<\/p>\n","protected":false},"author":2,"featured_media":0,"parent":0,"menu_order":83,"comment_status":"closed","ping_status":"open","template":"","meta":{"_eb_attr":"","_uag_custom_page_level_css":"","site-sidebar-layout":"default","site-content-layout":"","ast-site-content-layout":"default","site-content-style":"default","site-sidebar-style":"default","ast-global-header-display":"","ast-banner-title-visibility":"","ast-main-header-display":"","ast-hfb-above-header-display":"","ast-hfb-below-header-display":"","ast-hfb-mobile-header-display":"","site-post-title":"","ast-breadcrumbs-content":"","ast-featured-img":"","footer-sml-layout":"","theme-transparent-header-meta":"","adv-header-id-meta":"","stick-header-meta":"","header-above-stick-meta":"","header-main-stick-meta":"","header-below-stick-meta":"","astra-migrate-meta-layouts":"default","ast-page-background-enabled":"default","ast-page-background-meta":{"desktop":{"background-color":"var(--ast-global-color-4)","background-image":"","background-repeat":"repeat","background-position":"center center","background-size":"auto","background-attachment":"scroll","background-type":"","background-media":"","overlay-type":"","overlay-color":"","overlay-opacity":"","overlay-gradient":""},"tablet":{"background-color":"","background-image":"","background-repeat":"repeat","background-position":"center center","background-size":"auto","background-attachment":"scroll","background-type":"","background-media":"","overlay-type":"","overlay-color":"","overlay-opacity":"","overlay-gradient":""},"mobile":{"background-color":"","background-image":"","background-repeat":"repeat","background-position":"center center","background-size":"auto","background-attachment":"scroll","background-type":"","background-media":"","overlay-type":"","overlay-color":"","overlay-opacity":"","overlay-gradient":""}},"ast-content-background-meta":{"desktop":{"background-color":"var(--ast-global-color-5)","background-image":"","background-repeat":"repeat","background-position":"center center","background-size":"auto","background-attachment":"scroll","background-type":"","background-media":"","overlay-type":"","overlay-color":"","overlay-opacity":"","overlay-gradient":""},"tablet":{"background-color":"var(--ast-global-color-5)","background-image":"","background-repeat":"repeat","background-position":"center center","background-size":"auto","background-attachment":"scroll","background-type":"","background-media":"","overlay-type":"","overlay-color":"","overlay-opacity":"","overlay-gradient":""},"mobile":{"background-color":"var(--ast-global-color-5)","background-image":"","background-repeat":"repeat","background-position":"center center","background-size":"auto","background-attachment":"scroll","background-type":"","background-media":"","overlay-type":"","overlay-color":"","overlay-opacity":"","overlay-gradient":""}},"footnotes":""},"class_list":["post-12","page","type-page","status-publish","hentry"],"uagb_featured_image_src":{"full":false,"thumbnail":false,"medium":false,"medium_large":false,"large":false,"1536x1536":false,"2048x2048":false},"uagb_author_info":{"display_name":"Ingo Vigneron","author_link":"https:\/\/notfallseelsorge.saarland\/index.php\/author\/ingo\/"},"uagb_comment_info":0,"uagb_excerpt":"Die Psychosoziale Notfallversorgung f\u00fcr Einsatzkr\u00e4fte (fr\u00fcher Vor- und Nachsorge f\u00fcr Einsatzkr\u00e4fte, kurz: &#8222;VNE&#8220; genannt) Das Team ist ehrenamtlich und landesweit t\u00e4tig. Es ist in regionale Einheiten organisiert. Um Ihnen den f\u00fcr Sie zust\u00e4ndigen Ansprechpartner nennen zu k\u00f6nnen, ben\u00f6tigen wir Ihren Wohnort und Landkreis. Die Voraussetzungen sind unterschiedlich. Das h\u00e4ngt von dem angestrebten Aufgabenfeld ab. Grunds\u00e4tzlich&hellip;","_links":{"self":[{"href":"https:\/\/notfallseelsorge.saarland\/index.php\/wp-json\/wp\/v2\/pages\/12","targetHints":{"allow":["GET"]}}],"collection":[{"href":"https:\/\/notfallseelsorge.saarland\/index.php\/wp-json\/wp\/v2\/pages"}],"about":[{"href":"https:\/\/notfallseelsorge.saarland\/index.php\/wp-json\/wp\/v2\/types\/page"}],"author":[{"embeddable":true,"href":"https:\/\/notfallseelsorge.saarland\/index.php\/wp-json\/wp\/v2\/users\/2"}],"replies":[{"embeddable":true,"href":"https:\/\/notfallseelsorge.saarland\/index.php\/wp-json\/wp\/v2\/comments?post=12"}],"version-history":[{"count":17,"href":"https:\/\/notfallseelsorge.saarland\/index.php\/wp-json\/wp\/v2\/pages\/12\/revisions"}],"predecessor-version":[{"id":1775,"href":"https:\/\/notfallseelsorge.saarland\/index.php\/wp-json\/wp\/v2\/pages\/12\/revisions\/1775"}],"wp:attachment":[{"href":"https:\/\/notfallseelsorge.saarland\/index.php\/wp-json\/wp\/v2\/media?parent=12"}],"curies":[{"name":"wp","href":"https:\/\/api.w.org\/{rel}","templated":true}]}}