{"id":1387,"date":"2016-08-29T17:12:48","date_gmt":"2016-08-29T16:12:48","guid":{"rendered":"http:\/\/www.psnv-saarland.de\/?page_id=1387"},"modified":"2020-04-06T20:45:08","modified_gmt":"2020-04-06T19:45:08","slug":"ausweise","status":"publish","type":"page","link":"https:\/\/notfallseelsorge.saarland\/index.php\/ausweise\/","title":{"rendered":"Ausweise"},"content":{"rendered":"<p>Die Dienstausweise werden auf Antrag ausgestellt. Die G\u00fcltigkeit betr\u00e4gt 5 Jahre. Sie enthalten ein Foto des Besitzers. Auf der R\u00fcckseite sind weitere Angaben zur G\u00fcltigkeit und zum Verein enthalten. Ein sichtbares Sicherheitsmerkmal hilft der Polizei im Zweifelsfall die F\u00e4lschungen zu entdecken.<\/p>\n<p>F\u00fcr einen neuen Ausweis sind der ausgef\u00fcllte Antrag auf Verl\u00e4ngerung\u00a0 und die Einwilligung in die Datenverarbeitung notwendig.<\/p>\n<p>Die Einwilligung in die Datenverarbeitung muss zusammen mit dem Antrag auf den Dienstausweis eingereicht werden. (Das Merkblatt verbleibt bei Euch, damit Ihr jederzeit \u00fcberpr\u00fcfen k\u00f6nnt, welche Rechte Ihr dem Verein einger\u00e4umt habt.) Wichtig ist, dass <strong>bei beiden Abs\u00e4tzen ein H\u00e4ckchen zwischen den runden Klammern links davon eingetragen wird<\/strong>. Wer die Daten zur Religionszugeh\u00f6rigkeit nicht preisgeben will, muss dies nicht tun und kann den zweiten Absatz unmarkiert belassen.<\/p>\n<p>Das Formular und die Einwilligung in die Datenverarbeitung sind an den Kreisbeauftragten (Einsatzgrzuppenleiter) zu \u00fcbergeben. Er darf die Angaben \u00fcberpr\u00fcfen und die f\u00fcr die Eins\u00e4tze relevanten Daten \u00fcbernehmen. Nach dem Ausstellen des Ausweises werden die Angaben zur Ausbildung und die Kontaktdaten in der vertraulichen Mitgliederdatenbank erfasst. Die Kreisbeauftragten h\u00e4ndigen die Ausweise an die Besitzer aus. Schlussendlich werden die Antr\u00e4ge in der Personalakte beim Vorsitzenden aufbewahrt.<\/p>\n<p><strong><a href=\"http:\/\/www.psnv-saarland.de\/wp-content\/uploads\/Antrag-auf-Verl%C3%A4gerung-des-Dienstausweises-Stand-Mai-2017.pdf\">Antrag auf Verl\u00e4gerung des Dienstausweises, Stand Mai 2017<\/a><\/strong><\/p>\n<p><a href=\"http:\/\/www.psnv-saarland.de\/wp-content\/uploads\/Antrag-Dienstausweis-Stand-Mai-2017.pdf\">Antrag Dienstausweis, Stand Mai 2017<\/a><\/p>\n<p><a href=\"https:\/\/notfallseelsorge.saarland\/wp-content\/uploads\/Einwilligung-2018.pdf\">Einwilligung in die Datenverarbeitung und Merkblatt<\/a>\u00a0(Falls Ihr den Antrag schon ausgef\u00fcllt habt. Ohne Einwilligung in die Datenverarbeitung keine Ausweise.)<strong><br \/>\n<\/strong><\/p>\n","protected":false},"excerpt":{"rendered":"<p>Die Dienstausweise werden auf Antrag ausgestellt. Die G\u00fcltigkeit betr\u00e4gt 5 Jahre. Sie enthalten ein Foto des Besitzers. Auf der R\u00fcckseite sind weitere Angaben zur G\u00fcltigkeit und zum Verein enthalten. Ein sichtbares Sicherheitsmerkmal hilft der Polizei im Zweifelsfall die F\u00e4lschungen zu entdecken. F\u00fcr einen neuen Ausweis sind der ausgef\u00fcllte Antrag auf Verl\u00e4ngerung\u00a0 und die Einwilligung in [&hellip;]<\/p>\n","protected":false},"author":5,"featured_media":0,"parent":0,"menu_order":0,"comment_status":"closed","ping_status":"closed","template":"","meta":{"_eb_attr":"","_uag_custom_page_level_css":"","site-sidebar-layout":"default","site-content-layout":"","ast-site-content-layout":"default","site-content-style":"default","site-sidebar-style":"default","ast-global-header-display":"","ast-banner-title-visibility":"","ast-main-header-display":"","ast-hfb-above-header-display":"","ast-hfb-below-header-display":"","ast-hfb-mobile-header-display":"","site-post-title":"","ast-breadcrumbs-content":"","ast-featured-img":"","footer-sml-layout":"","theme-transparent-header-meta":"","adv-header-id-meta":"","stick-header-meta":"","header-above-stick-meta":"","header-main-stick-meta":"","header-below-stick-meta":"","astra-migrate-meta-layouts":"default","ast-page-background-enabled":"default","ast-page-background-meta":{"desktop":{"background-color":"var(--ast-global-color-4)","background-image":"","background-repeat":"repeat","background-position":"center center","background-size":"auto","background-attachment":"scroll","background-type":"","background-media":"","overlay-type":"","overlay-color":"","overlay-opacity":"","overlay-gradient":""},"tablet":{"background-color":"","background-image":"","background-repeat":"repeat","background-position":"center center","background-size":"auto","background-attachment":"scroll","background-type":"","background-media":"","overlay-type":"","overlay-color":"","overlay-opacity":"","overlay-gradient":""},"mobile":{"background-color":"","background-image":"","background-repeat":"repeat","background-position":"center center","background-size":"auto","background-attachment":"scroll","background-type":"","background-media":"","overlay-type":"","overlay-color":"","overlay-opacity":"","overlay-gradient":""}},"ast-content-background-meta":{"desktop":{"background-color":"var(--ast-global-color-5)","background-image":"","background-repeat":"repeat","background-position":"center center","background-size":"auto","background-attachment":"scroll","background-type":"","background-media":"","overlay-type":"","overlay-color":"","overlay-opacity":"","overlay-gradient":""},"tablet":{"background-color":"var(--ast-global-color-5)","background-image":"","background-repeat":"repeat","background-position":"center center","background-size":"auto","background-attachment":"scroll","background-type":"","background-media":"","overlay-type":"","overlay-color":"","overlay-opacity":"","overlay-gradient":""},"mobile":{"background-color":"var(--ast-global-color-5)","background-image":"","background-repeat":"repeat","background-position":"center center","background-size":"auto","background-attachment":"scroll","background-type":"","background-media":"","overlay-type":"","overlay-color":"","overlay-opacity":"","overlay-gradient":""}},"footnotes":""},"class_list":["post-1387","page","type-page","status-publish","hentry"],"uagb_featured_image_src":{"full":false,"thumbnail":false,"medium":false,"medium_large":false,"large":false,"1536x1536":false,"2048x2048":false},"uagb_author_info":{"display_name":"Robert Kolatzek","author_link":"https:\/\/notfallseelsorge.saarland\/index.php\/author\/rk\/"},"uagb_comment_info":0,"uagb_excerpt":"Die Dienstausweise werden auf Antrag ausgestellt. Die G\u00fcltigkeit betr\u00e4gt 5 Jahre. Sie enthalten ein Foto des Besitzers. Auf der R\u00fcckseite sind weitere Angaben zur G\u00fcltigkeit und zum Verein enthalten. Ein sichtbares Sicherheitsmerkmal hilft der Polizei im Zweifelsfall die F\u00e4lschungen zu entdecken. F\u00fcr einen neuen Ausweis sind der ausgef\u00fcllte Antrag auf Verl\u00e4ngerung\u00a0 und die Einwilligung in&hellip;","_links":{"self":[{"href":"https:\/\/notfallseelsorge.saarland\/index.php\/wp-json\/wp\/v2\/pages\/1387","targetHints":{"allow":["GET"]}}],"collection":[{"href":"https:\/\/notfallseelsorge.saarland\/index.php\/wp-json\/wp\/v2\/pages"}],"about":[{"href":"https:\/\/notfallseelsorge.saarland\/index.php\/wp-json\/wp\/v2\/types\/page"}],"author":[{"embeddable":true,"href":"https:\/\/notfallseelsorge.saarland\/index.php\/wp-json\/wp\/v2\/users\/5"}],"replies":[{"embeddable":true,"href":"https:\/\/notfallseelsorge.saarland\/index.php\/wp-json\/wp\/v2\/comments?post=1387"}],"version-history":[{"count":6,"href":"https:\/\/notfallseelsorge.saarland\/index.php\/wp-json\/wp\/v2\/pages\/1387\/revisions"}],"predecessor-version":[{"id":1809,"href":"https:\/\/notfallseelsorge.saarland\/index.php\/wp-json\/wp\/v2\/pages\/1387\/revisions\/1809"}],"wp:attachment":[{"href":"https:\/\/notfallseelsorge.saarland\/index.php\/wp-json\/wp\/v2\/media?parent=1387"}],"curies":[{"name":"wp","href":"https:\/\/api.w.org\/{rel}","templated":true}]}}