{"id":14,"date":"2008-03-19T12:40:31","date_gmt":"2008-03-19T11:40:31","guid":{"rendered":"http:\/\/www.psu-saarland.de\/index.php\/sie-mochten-spenden\/"},"modified":"2023-12-01T09:48:59","modified_gmt":"2023-12-01T08:48:59","slug":"sie-mochten-spenden","status":"publish","type":"page","link":"https:\/\/notfallseelsorge.saarland\/index.php\/sie-mochten-spenden\/","title":{"rendered":"Spenden Sie"},"content":{"rendered":"\n<p>Die Notfallseelsorge &amp; Krisenintervention Saarland e. V. ist ein eigenst\u00e4ndiger Verein, der keinem finanzstarkem Verband angeh\u00f6rt und keine feste Zuwendungen erh\u00e4lt.<\/p>\n\n\n\n<!--more-->\n\n\n\n<p>Unsere Einsatzkr\u00e4fte versehen ihren Dienst ehrenamtlich und fahren mit dem Privat-PKW an die Einsatzstelle.<\/p>\n\n\n\n<p>Um unsere Arbeit sicherstellen zu k\u00f6nnen, sind wir dringend auf Spenden angewiesen. Ihre Spende wird z.B. f\u00fcr die kostspielige Aus- &amp; Weiterbildung unserer Einsatzkr\u00e4fte sowie f\u00fcr deren zus\u00e4tzliche Ausstattung ben\u00f6tigt.<\/p>\n\n\n\n<h3 class=\"wp-block-heading\">Im Kleinen Gutes tun<\/h3>\n\n\n\n<p>Sie k\u00f6nnen uns mit einer <a href=\"https:\/\/www.paypal.com\/donate\/?hosted_button_id=367BFY9B9WSVN\">Spende per PayPal<\/a> unterst\u00fctzen. Es ist sicher und Sie brauchen daf\u00fcr KEIN Paypal-Konto.<\/p>\n\n\n\n<div class=\"wp-block-essential-blocks-button\"><div class=\"eb-parent-wrapper eb-parent-eb-button-veffnya \"><div class=\"eb-button-wrapper eb-button-alignment eb-button-veffnya\"><div class=\"eb-button\"><a class=\"eb-button-anchor hvr-icon-pulse\" href=\"https:\/\/www.paypal.com\/donate\/?hosted_button_id=6Y87USFTQ5ZS4\" target=\"_blank\" rel=\"nofollow noopener\"><i class=\"fas fa-money-bill-alt eb-button-icon eb-button-icon-left hvr-icon\"><\/i>Jetzt spenden<\/a><\/div><\/div><\/div><\/div>\n\n\n\n<h3 class=\"wp-block-heading\">Ihre Zuwendung f\u00fcr einen guten Zweck<\/h3>\n\n\n\n<p><span style=\"text-decoration: underline;\">Unsere Bankverbindung seit 1.9.2022<\/span>:<\/p>\n\n\n\n<p><strong>Vereinigte Volksbank eG<\/strong><br>\nIBAN: DE71 5909 2000 1112 2200 00<br>\nBIC: GENODE51SB2<\/p>\n\n\n\n<p>Gerne stellen wir Ihnen einen Spenden-Beleg aus. Setzen Sie sich dazu mit unserer Buchhaltung in Verbindung.<\/p>\n\n\n\n<p><span style=\"text-decoration: underline;\">E-Mail<\/span>: <strong>kasse <\/strong><em>[at]<\/em> <strong>psnv-saarland.de<\/strong><\/p>\n\n\n\n<p>Interessierte Sponsoren aus der Wirtschaft erreichen unter der folgenden Adresse die zust\u00e4ndige Ansprechperson<\/p>\n\n\n\n<p><span style=\"text-decoration: underline;\">E-Mail<\/span>:&nbsp;<strong>fundraising <\/strong><em>[at]<\/em> <strong>notfallseelsorge.saarland<\/strong><\/p>\n\n\n\n<p>\u00dcbertragen Sie die E-Mail-Adresse bitte von Hand, ersetzen Sie das <em><strong>[at]<\/strong><\/em> mit dem <strong>@<\/strong> Zeichen. Wir bitten um Verst\u00e4ndnis, wir ver\u00f6ffentlichen unsere E-Mail-Adresse nicht im Klartext, um uns vor automatisierter E-Mail-Werbung zu sch\u00fctzen.<\/p>\n","protected":false},"excerpt":{"rendered":"<p>Die Notfallseelsorge &amp; Krisenintervention Saarland e. V. ist ein eigenst\u00e4ndiger Verein, der keinem finanzstarkem Verband angeh\u00f6rt und keine feste Zuwendungen erh\u00e4lt.<\/p>\n","protected":false},"author":2,"featured_media":0,"parent":0,"menu_order":110,"comment_status":"closed","ping_status":"open","template":"","meta":{"_eb_attr":"","_uag_custom_page_level_css":"","site-sidebar-layout":"default","site-content-layout":"","ast-site-content-layout":"default","site-content-style":"default","site-sidebar-style":"default","ast-global-header-display":"","ast-banner-title-visibility":"","ast-main-header-display":"","ast-hfb-above-header-display":"","ast-hfb-below-header-display":"","ast-hfb-mobile-header-display":"","site-post-title":"","ast-breadcrumbs-content":"","ast-featured-img":"","footer-sml-layout":"","theme-transparent-header-meta":"","adv-header-id-meta":"","stick-header-meta":"","header-above-stick-meta":"","header-main-stick-meta":"","header-below-stick-meta":"","astra-migrate-meta-layouts":"default","ast-page-background-enabled":"default","ast-page-background-meta":{"desktop":{"background-color":"var(--ast-global-color-4)","background-image":"","background-repeat":"repeat","background-position":"center center","background-size":"auto","background-attachment":"scroll","background-type":"","background-media":"","overlay-type":"","overlay-color":"","overlay-opacity":"","overlay-gradient":""},"tablet":{"background-color":"","background-image":"","background-repeat":"repeat","background-position":"center center","background-size":"auto","background-attachment":"scroll","background-type":"","background-media":"","overlay-type":"","overlay-color":"","overlay-opacity":"","overlay-gradient":""},"mobile":{"background-color":"","background-image":"","background-repeat":"repeat","background-position":"center center","background-size":"auto","background-attachment":"scroll","background-type":"","background-media":"","overlay-type":"","overlay-color":"","overlay-opacity":"","overlay-gradient":""}},"ast-content-background-meta":{"desktop":{"background-color":"var(--ast-global-color-5)","background-image":"","background-repeat":"repeat","background-position":"center center","background-size":"auto","background-attachment":"scroll","background-type":"","background-media":"","overlay-type":"","overlay-color":"","overlay-opacity":"","overlay-gradient":""},"tablet":{"background-color":"var(--ast-global-color-5)","background-image":"","background-repeat":"repeat","background-position":"center center","background-size":"auto","background-attachment":"scroll","background-type":"","background-media":"","overlay-type":"","overlay-color":"","overlay-opacity":"","overlay-gradient":""},"mobile":{"background-color":"var(--ast-global-color-5)","background-image":"","background-repeat":"repeat","background-position":"center center","background-size":"auto","background-attachment":"scroll","background-type":"","background-media":"","overlay-type":"","overlay-color":"","overlay-opacity":"","overlay-gradient":""}},"footnotes":""},"class_list":["post-14","page","type-page","status-publish","hentry"],"uagb_featured_image_src":{"full":false,"thumbnail":false,"medium":false,"medium_large":false,"large":false,"1536x1536":false,"2048x2048":false},"uagb_author_info":{"display_name":"Ingo Vigneron","author_link":"https:\/\/notfallseelsorge.saarland\/index.php\/author\/ingo\/"},"uagb_comment_info":0,"uagb_excerpt":"Die Notfallseelsorge &amp; Krisenintervention Saarland e. V. ist ein eigenst\u00e4ndiger Verein, der keinem finanzstarkem Verband angeh\u00f6rt und keine feste Zuwendungen erh\u00e4lt.","_links":{"self":[{"href":"https:\/\/notfallseelsorge.saarland\/index.php\/wp-json\/wp\/v2\/pages\/14","targetHints":{"allow":["GET"]}}],"collection":[{"href":"https:\/\/notfallseelsorge.saarland\/index.php\/wp-json\/wp\/v2\/pages"}],"about":[{"href":"https:\/\/notfallseelsorge.saarland\/index.php\/wp-json\/wp\/v2\/types\/page"}],"author":[{"embeddable":true,"href":"https:\/\/notfallseelsorge.saarland\/index.php\/wp-json\/wp\/v2\/users\/2"}],"replies":[{"embeddable":true,"href":"https:\/\/notfallseelsorge.saarland\/index.php\/wp-json\/wp\/v2\/comments?post=14"}],"version-history":[{"count":17,"href":"https:\/\/notfallseelsorge.saarland\/index.php\/wp-json\/wp\/v2\/pages\/14\/revisions"}],"predecessor-version":[{"id":2057,"href":"https:\/\/notfallseelsorge.saarland\/index.php\/wp-json\/wp\/v2\/pages\/14\/revisions\/2057"}],"wp:attachment":[{"href":"https:\/\/notfallseelsorge.saarland\/index.php\/wp-json\/wp\/v2\/media?parent=14"}],"curies":[{"name":"wp","href":"https:\/\/api.w.org\/{rel}","templated":true}]}}