{"id":1405,"date":"2016-11-11T12:11:14","date_gmt":"2016-11-11T11:11:14","guid":{"rendered":"http:\/\/www.psnv-saarland.de\/?page_id=1405"},"modified":"2016-11-11T12:11:14","modified_gmt":"2016-11-11T11:11:14","slug":"infos-grossschadeslage","status":"publish","type":"page","link":"https:\/\/notfallseelsorge.saarland\/index.php\/infos-grossschadeslage\/","title":{"rendered":"Hintergrundinformationen bei Gro\u00dfschadeslage"},"content":{"rendered":"<p class=\"kurzzusammenfassung-western\"><strong>Die Notfallseelsorge und Krisenintervention Saarland e. V. ist der Fachdienst f\u00fcr Psychosoziale Notfallversorgung (PSNV) im Saarland. Er richtet sich an Opfer und Betroffene von Extremsituationen.<\/strong><\/p>\n<p>Die Unterst\u00fctzung erfolgt bereits an der Einsatzstelle und hat zum Ziel, die betroffenen Menschen in der Extremsituation zu begleiten und an das soziale Netz von Familie und Gesellschaft zu \u00fcbergeben. Ein weiterer Schwerpunkt der Arbeit des ist die Vor- und Nachsorge von Einsatzkr\u00e4ften. Dies ist ein Angebot f\u00fcr Einsatzkr\u00e4fte von Beh\u00f6rden und Organisationen mit Sicherheitsaufgaben. Einsatzkr\u00e4fte werden dabei auf m\u00f6gliche k\u00f6rperliche Reaktionen bei extremen Ereignissen vorbereitet und lernen Strategien, diese selbst zu bew\u00e4ltigen. Sie werden zudem dar\u00fcber informiert, wie im Bedarfsfall eine Nachsorge durchgef\u00fchrt wird und welche Unterst\u00fctzung sie in Anspruch nehmen k\u00f6nnen. Die Mitarbeiter der Notfallseelsorge und Krisenintervention Saarland e.V. kommen aus den Kirchen, den Hilfsorganisationen oder artverwandten Berufsgruppen. Sie alle werden speziell f\u00fcr diesen Zweck ausgebildet.<\/p>\n<p>Die Ausbildungsordnung der Notfallseelsorge und Krisenintervention Saarland e. V. sieht eine landesweit einheitliche Ausbildung vor. Diese besteht aus theoretischen Teil (160 Unterrichtseinheiten zu z.B.: Einsatzkunde, Kommunikation oder Tod, Sterben und Trauer in den Religionen etc.) sowie 10 praktische Eins\u00e4tze als Begleiter. Bei einer Gro\u00dfschadenslage ist der folgende Ablauf zu erwarten:<\/p>\n<p>Die diensthabenden Notfallseelsorger werden \u00fcber die Integrierte Leitstelle alarmiert.<\/p>\n<p>Vor Ort verschafft sich die ersteintreffende Fachkraft einen \u00dcberblick und fordert schnellstm\u00f6glich Verst\u00e4rkung nach. Es wird eine F\u00fchrungsstruktur (Abschnittsleiter PSNV, ggf. ein Koordinator, Unterabschnittsleiter usw.) aufgebaut, die sich an die Technische Einsatzleitung (TEL) ankoppelt. Die eintreffenden PSNV-Kr\u00e4fte melden sich bei der Einsatzleitung und werden vom Abschnittsleiter bedarfsgerecht eingesetzt. Je nach Anzahl der zu betreuenden Personen werden zur Unterst\u00fctzung PSNV-Kr\u00e4fte der Nachbarlandkreise aktiviert.<\/p>\n<p>Sollte sich ein l\u00e4ngerer Einsatz abzeichnen, wird ein Hintergrunddienst aktiviert, der mit den landesweiten Kr\u00e4ften ein Dreischichten-System aufbauen kann. Weitere Verst\u00e4rkung w\u00fcrde bei Bedarf aus Luxemburg und den anderen Bundesl\u00e4ndern angefordert werden.<\/p>\n<p>&nbsp;<\/p>\n<p class=\"western\"><em>Bilder f\u00fcr Publikationen entnehmen Sie bitte der <a href=\"http:\/\/www.psnv-saarland.de\/index.php\/download\/presse-material\/\">Pressemappe<\/a>.<\/em><\/p>\n<p class=\"western\"><a href=\"http:\/\/www.bbk.bund.de\/DE\/TopThema\/TT_2010\/Konsensus-Konferenz.html\">Leitlinien zur Ausbildung von PSNV-Kr\u00e4ften<\/a> (mit bundesweiter Geltung aber in 2 Stufen: Minimum und Optimum)<\/p>\n<p class=\"western\"><a href=\"http:\/\/www.bbk.bund.de\/DE\/AufgabenundAusstattung\/Krisenmanagement\/PSNV\/NOAH\/NOAH_einstieg.html\">Koordinierungsstelle Nachsorge, Opfer- und Angeh\u00f6rigenhilfe<\/a> des Bundes (beim BBK)<\/p>\n<p class=\"western\"><a href=\"http:\/\/www.psychosomatik-ukd.de\/patienteninformation\/poliklinik\/ambulanz-fuer-traumafolge-und-dissoziative-stoerungen\/flyer-empfehlungen-fuer-den-umgang-mit-belastenden-ereignissen\/\">Informationsbl\u00e4tter f\u00fcr Betroffene und Angeh\u00f6rige<\/a> (in verschiedenen Sprachen)<\/p>\n<p class=\"western\"><a href=\"http:\/\/saarland.weisser-ring.de\/\">Wei\u00dfer Ring<\/a>: Unterst\u00fctzung f\u00fcr Opfer von Gewalt.<\/p>\n","protected":false},"excerpt":{"rendered":"<p>Die Notfallseelsorge und Krisenintervention Saarland e. V. ist der Fachdienst f\u00fcr Psychosoziale Notfallversorgung (PSNV) im Saarland. Er richtet sich an Opfer und Betroffene von Extremsituationen. Die Unterst\u00fctzung erfolgt bereits an der Einsatzstelle und hat zum Ziel, die betroffenen Menschen in der Extremsituation zu begleiten und an das soziale Netz von Familie und Gesellschaft zu \u00fcbergeben. [&hellip;]<\/p>\n","protected":false},"author":5,"featured_media":0,"parent":0,"menu_order":0,"comment_status":"closed","ping_status":"closed","template":"","meta":{"_eb_attr":"","_uag_custom_page_level_css":"","site-sidebar-layout":"default","site-content-layout":"","ast-site-content-layout":"default","site-content-style":"default","site-sidebar-style":"default","ast-global-header-display":"","ast-banner-title-visibility":"","ast-main-header-display":"","ast-hfb-above-header-display":"","ast-hfb-below-header-display":"","ast-hfb-mobile-header-display":"","site-post-title":"","ast-breadcrumbs-content":"","ast-featured-img":"","footer-sml-layout":"","theme-transparent-header-meta":"","adv-header-id-meta":"","stick-header-meta":"","header-above-stick-meta":"","header-main-stick-meta":"","header-below-stick-meta":"","astra-migrate-meta-layouts":"default","ast-page-background-enabled":"default","ast-page-background-meta":{"desktop":{"background-color":"var(--ast-global-color-4)","background-image":"","background-repeat":"repeat","background-position":"center center","background-size":"auto","background-attachment":"scroll","background-type":"","background-media":"","overlay-type":"","overlay-color":"","overlay-opacity":"","overlay-gradient":""},"tablet":{"background-color":"","background-image":"","background-repeat":"repeat","background-position":"center center","background-size":"auto","background-attachment":"scroll","background-type":"","background-media":"","overlay-type":"","overlay-color":"","overlay-opacity":"","overlay-gradient":""},"mobile":{"background-color":"","background-image":"","background-repeat":"repeat","background-position":"center center","background-size":"auto","background-attachment":"scroll","background-type":"","background-media":"","overlay-type":"","overlay-color":"","overlay-opacity":"","overlay-gradient":""}},"ast-content-background-meta":{"desktop":{"background-color":"var(--ast-global-color-5)","background-image":"","background-repeat":"repeat","background-position":"center center","background-size":"auto","background-attachment":"scroll","background-type":"","background-media":"","overlay-type":"","overlay-color":"","overlay-opacity":"","overlay-gradient":""},"tablet":{"background-color":"var(--ast-global-color-5)","background-image":"","background-repeat":"repeat","background-position":"center center","background-size":"auto","background-attachment":"scroll","background-type":"","background-media":"","overlay-type":"","overlay-color":"","overlay-opacity":"","overlay-gradient":""},"mobile":{"background-color":"var(--ast-global-color-5)","background-image":"","background-repeat":"repeat","background-position":"center center","background-size":"auto","background-attachment":"scroll","background-type":"","background-media":"","overlay-type":"","overlay-color":"","overlay-opacity":"","overlay-gradient":""}},"footnotes":""},"class_list":["post-1405","page","type-page","status-publish","hentry"],"uagb_featured_image_src":{"full":false,"thumbnail":false,"medium":false,"medium_large":false,"large":false,"1536x1536":false,"2048x2048":false},"uagb_author_info":{"display_name":"Robert Kolatzek","author_link":"https:\/\/notfallseelsorge.saarland\/index.php\/author\/rk\/"},"uagb_comment_info":0,"uagb_excerpt":"Die Notfallseelsorge und Krisenintervention Saarland e. V. ist der Fachdienst f\u00fcr Psychosoziale Notfallversorgung (PSNV) im Saarland. Er richtet sich an Opfer und Betroffene von Extremsituationen. Die Unterst\u00fctzung erfolgt bereits an der Einsatzstelle und hat zum Ziel, die betroffenen Menschen in der Extremsituation zu begleiten und an das soziale Netz von Familie und Gesellschaft zu \u00fcbergeben.&hellip;","_links":{"self":[{"href":"https:\/\/notfallseelsorge.saarland\/index.php\/wp-json\/wp\/v2\/pages\/1405","targetHints":{"allow":["GET"]}}],"collection":[{"href":"https:\/\/notfallseelsorge.saarland\/index.php\/wp-json\/wp\/v2\/pages"}],"about":[{"href":"https:\/\/notfallseelsorge.saarland\/index.php\/wp-json\/wp\/v2\/types\/page"}],"author":[{"embeddable":true,"href":"https:\/\/notfallseelsorge.saarland\/index.php\/wp-json\/wp\/v2\/users\/5"}],"replies":[{"embeddable":true,"href":"https:\/\/notfallseelsorge.saarland\/index.php\/wp-json\/wp\/v2\/comments?post=1405"}],"version-history":[{"count":2,"href":"https:\/\/notfallseelsorge.saarland\/index.php\/wp-json\/wp\/v2\/pages\/1405\/revisions"}],"predecessor-version":[{"id":1407,"href":"https:\/\/notfallseelsorge.saarland\/index.php\/wp-json\/wp\/v2\/pages\/1405\/revisions\/1407"}],"wp:attachment":[{"href":"https:\/\/notfallseelsorge.saarland\/index.php\/wp-json\/wp\/v2\/media?parent=1405"}],"curies":[{"name":"wp","href":"https:\/\/api.w.org\/{rel}","templated":true}]}}