{"id":1497,"date":"2017-05-09T21:13:20","date_gmt":"2017-05-09T20:13:20","guid":{"rendered":"http:\/\/www.psnv-saarland.de\/?page_id=1497"},"modified":"2023-10-22T12:03:34","modified_gmt":"2023-10-22T11:03:34","slug":"sponsoren","status":"publish","type":"page","link":"https:\/\/notfallseelsorge.saarland\/index.php\/der-verein\/sponsoren\/","title":{"rendered":"Sponsoren"},"content":{"rendered":"\n<p>Wir sind eine amtlich anerkannte <strong>gemeinn\u00fctzige Organisation<\/strong>. Unsere Arbeit f\u00fcr Betroffene und Einsatzkr\u00e4fte wird nicht in Rechnung gestellt. Der <strong>Verein hat keine Einnahmen aus Eins\u00e4tzen<\/strong>, die er f\u00fcr die Ausbildung, Ausstattung und Versicherung seiner Mitglieder verwenden k\u00f6nnte. Folglich ist die T\u00e4tigkeit auf F\u00f6rderung durch die \u00f6ffentliche Hand und auf private Spenden angewiesen.<\/p>\n\n\n\n<p>An dieser Stelle m\u00f6chten wir uns bei unseren Unterst\u00fctzern bedanken, die dauerhaft oder gelegentlich unsere Arbeit durch Einbindung in die offiziellen Strukturen des Katastrophenschutzes und der Seelsorge oder durch Spenden f\u00f6rdern:<\/p>\n\n\n\n<ul class=\"wp-block-list\">\n<li>der Ministerpr\u00e4sidentin des Saarlandes\/Staatskanzlei und dem Ministerium f\u00fcr Inneres und Sport<\/li>\n\n\n\n<li>den Landkreisen und deren Katastrophenschutz\u00e4mtern, den Feuerwehren und weiteren Katschutz-Einheiten<\/li>\n\n\n\n<li>der Landesfeuerwehrschule des Saarlandes f\u00fcr die Bereitstellung von R\u00e4umlichkeiten f\u00fcr unsere Ausbildung<\/li>\n\n\n\n<li>der Ev. Kirche im Rheinland , den Ev. Kirchenkreisen Saar-Ost und Saar-West mit den dazugeh\u00f6renden ev. Kirchengemeinden<\/li>\n\n\n\n<li>den kath. Bist\u00fcmern Trier und Speyer mit den dazugeh\u00f6renden kath. Pfarreien<\/li>\n\n\n\n<li>der Firma <a href=\"https:\/\/www.prowin.net\">proWin<\/a> Illingen<\/li>\n\n\n\n<li>dem <a href=\"http:\/\/www.topsaarland.de\/\">Top Magazin Saarland<\/a>, Saarbr\u00fccken<\/li>\n\n\n\n<li>der Saarland Sporttoto GmbH<\/li>\n\n\n\n<li>verschiedenen Einzelspendern\/innen<\/li>\n<\/ul>\n\n\n\n<p>Interessierte Sponsoren erreichen unter der folgenden Adresse die zust\u00e4ndige Ansprechperson<\/p>\n\n\n\n<p>E-Mail: <strong>&#112;&#x72;&#x65;s&#115;&#x65;&#x40;p&#115;&#x6e;v&#45;&#x73;&#x61;a&#114;&#x6c;a&#110;&#x64;&#x2e;d&#101; <\/strong>oder<strong> &#x70;&#x72;&#x65;&#x73;&#x73;&#x65;&#64;&#110;&#111;&#116;fall&#x73;&#x65;&#x65;&#x6c;&#x73;&#x6f;&#114;&#103;&#101;&#46;&#115;aar&#x6c;&#x61;&#x6e;&#x64;<\/strong><\/p>\n\n\n\n<p>Kontakt zum Kassewart zwecks Spendenbescheinigung: <strong>kasse [at] psnv-saarland.de<\/strong><\/p>\n","protected":false},"excerpt":{"rendered":"<p>Wir sind eine amtlich anerkannte gemeinn\u00fctzige Organisation. Unsere Arbeit f\u00fcr Betroffene und Einsatzkr\u00e4fte wird nicht in Rechnung gestellt. Der Verein hat keine Einnahmen aus Eins\u00e4tzen, die er f\u00fcr die Ausbildung, Ausstattung und Versicherung seiner Mitglieder verwenden k\u00f6nnte. Folglich ist die T\u00e4tigkeit auf F\u00f6rderung durch die \u00f6ffentliche Hand und auf private Spenden angewiesen. An dieser Stelle [&hellip;]<\/p>\n","protected":false},"author":5,"featured_media":0,"parent":998,"menu_order":0,"comment_status":"closed","ping_status":"closed","template":"","meta":{"_eb_attr":"","_uag_custom_page_level_css":"","site-sidebar-layout":"default","site-content-layout":"","ast-site-content-layout":"default","site-content-style":"default","site-sidebar-style":"default","ast-global-header-display":"","ast-banner-title-visibility":"","ast-main-header-display":"","ast-hfb-above-header-display":"","ast-hfb-below-header-display":"","ast-hfb-mobile-header-display":"","site-post-title":"","ast-breadcrumbs-content":"","ast-featured-img":"","footer-sml-layout":"","theme-transparent-header-meta":"","adv-header-id-meta":"","stick-header-meta":"","header-above-stick-meta":"","header-main-stick-meta":"","header-below-stick-meta":"","astra-migrate-meta-layouts":"default","ast-page-background-enabled":"default","ast-page-background-meta":{"desktop":{"background-color":"var(--ast-global-color-4)","background-image":"","background-repeat":"repeat","background-position":"center center","background-size":"auto","background-attachment":"scroll","background-type":"","background-media":"","overlay-type":"","overlay-color":"","overlay-opacity":"","overlay-gradient":""},"tablet":{"background-color":"","background-image":"","background-repeat":"repeat","background-position":"center center","background-size":"auto","background-attachment":"scroll","background-type":"","background-media":"","overlay-type":"","overlay-color":"","overlay-opacity":"","overlay-gradient":""},"mobile":{"background-color":"","background-image":"","background-repeat":"repeat","background-position":"center center","background-size":"auto","background-attachment":"scroll","background-type":"","background-media":"","overlay-type":"","overlay-color":"","overlay-opacity":"","overlay-gradient":""}},"ast-content-background-meta":{"desktop":{"background-color":"var(--ast-global-color-5)","background-image":"","background-repeat":"repeat","background-position":"center center","background-size":"auto","background-attachment":"scroll","background-type":"","background-media":"","overlay-type":"","overlay-color":"","overlay-opacity":"","overlay-gradient":""},"tablet":{"background-color":"var(--ast-global-color-5)","background-image":"","background-repeat":"repeat","background-position":"center center","background-size":"auto","background-attachment":"scroll","background-type":"","background-media":"","overlay-type":"","overlay-color":"","overlay-opacity":"","overlay-gradient":""},"mobile":{"background-color":"var(--ast-global-color-5)","background-image":"","background-repeat":"repeat","background-position":"center center","background-size":"auto","background-attachment":"scroll","background-type":"","background-media":"","overlay-type":"","overlay-color":"","overlay-opacity":"","overlay-gradient":""}},"footnotes":""},"class_list":["post-1497","page","type-page","status-publish","hentry"],"uagb_featured_image_src":{"full":false,"thumbnail":false,"medium":false,"medium_large":false,"large":false,"1536x1536":false,"2048x2048":false},"uagb_author_info":{"display_name":"Robert Kolatzek","author_link":"https:\/\/notfallseelsorge.saarland\/index.php\/author\/rk\/"},"uagb_comment_info":0,"uagb_excerpt":"Wir sind eine amtlich anerkannte gemeinn\u00fctzige Organisation. Unsere Arbeit f\u00fcr Betroffene und Einsatzkr\u00e4fte wird nicht in Rechnung gestellt. Der Verein hat keine Einnahmen aus Eins\u00e4tzen, die er f\u00fcr die Ausbildung, Ausstattung und Versicherung seiner Mitglieder verwenden k\u00f6nnte. Folglich ist die T\u00e4tigkeit auf F\u00f6rderung durch die \u00f6ffentliche Hand und auf private Spenden angewiesen. An dieser Stelle&hellip;","_links":{"self":[{"href":"https:\/\/notfallseelsorge.saarland\/index.php\/wp-json\/wp\/v2\/pages\/1497","targetHints":{"allow":["GET"]}}],"collection":[{"href":"https:\/\/notfallseelsorge.saarland\/index.php\/wp-json\/wp\/v2\/pages"}],"about":[{"href":"https:\/\/notfallseelsorge.saarland\/index.php\/wp-json\/wp\/v2\/types\/page"}],"author":[{"embeddable":true,"href":"https:\/\/notfallseelsorge.saarland\/index.php\/wp-json\/wp\/v2\/users\/5"}],"replies":[{"embeddable":true,"href":"https:\/\/notfallseelsorge.saarland\/index.php\/wp-json\/wp\/v2\/comments?post=1497"}],"version-history":[{"count":12,"href":"https:\/\/notfallseelsorge.saarland\/index.php\/wp-json\/wp\/v2\/pages\/1497\/revisions"}],"predecessor-version":[{"id":1975,"href":"https:\/\/notfallseelsorge.saarland\/index.php\/wp-json\/wp\/v2\/pages\/1497\/revisions\/1975"}],"up":[{"embeddable":true,"href":"https:\/\/notfallseelsorge.saarland\/index.php\/wp-json\/wp\/v2\/pages\/998"}],"wp:attachment":[{"href":"https:\/\/notfallseelsorge.saarland\/index.php\/wp-json\/wp\/v2\/media?parent=1497"}],"curies":[{"name":"wp","href":"https:\/\/api.w.org\/{rel}","templated":true}]}}