{"id":2229,"date":"2025-09-22T22:40:39","date_gmt":"2025-09-22T21:40:39","guid":{"rendered":"https:\/\/notfallseelsorge.saarland\/?page_id=2229"},"modified":"2025-09-24T17:43:22","modified_gmt":"2025-09-24T16:43:22","slug":"einsatzgruppen","status":"publish","type":"page","link":"https:\/\/notfallseelsorge.saarland\/index.php\/einsatzgruppen\/","title":{"rendered":"Einsatzgruppen"},"content":{"rendered":"\n<p>Im Einsatz unterscheidet sich die Struktur zu der des Vereins. Der Verein gliedert sein Einsatzgebiet in Kreise (nach dem Wort &#8222;Landkreis&#8220;) f\u00fcr Eins\u00e4tze mit der Bev\u00f6lkerung und Bezirke (Verbund von zwei Landkreisen) f\u00fcr die Eins\u00e4tze zur Betreuung von Einsatzkr\u00e4ften. Diese haben einen Leiter sowie Stellvertreter (diese werden unten namentlich genannt) und gliedern sich wie folgt:<\/p>\n\n\n\n<h3 class=\"wp-block-heading has-text-align-center\">Bezirke PSNV-E (Nachsorge f\u00fcr Einsatzkr\u00e4fte)<\/h3>\n\n\n\n<div class=\"wp-block-columns is-layout-flex wp-container-core-columns-is-layout-28f84493 wp-block-columns-is-layout-flex\">\n<div class=\"wp-block-column is-layout-flow wp-block-column-is-layout-flow\">\n<div class=\"wp-block-essential-blocks-team-member  root-eb-team-member-cm3cgl1\"><div class=\"eb-parent-wrapper eb-parent-eb-team-member-cm3cgl1 eb_animation eb___animated eb___fadeIn\"><div class=\"eb-team-member-cm3cgl1 eb-team-wrapper default  \"><div class=\"eb-team-inner\"><div class=\"eb-team-member-image\"><img decoding=\"async\" class=\"eb-team-member-avatar\" src=\"https:\/\/notfallseelsorge.saarland\/wp-content\/uploads\/group.png\" alt=\"Piktogramm Gruppe\"\/><\/div><div class=\"eb-team-member-contents\"><div class=\"eb-team-member-texts\"><h3 class=\"eb-team-member-name\">Nord<\/h3><h4 class=\"eb-team-member-job-title\">Karla R\u00fcdiger,<br>Melina Nierich<\/h4><p class=\"eb-team-member-description\">Einsatzgruppe PSNV-E<br>Landkreise Neunkirchen und St. Wendel<\/p><\/div><\/div><\/div><\/div><\/div><\/div>\n<\/div>\n\n\n\n<div class=\"wp-block-column is-layout-flow wp-block-column-is-layout-flow\">\n<div class=\"wp-block-essential-blocks-team-member  root-eb-team-member-7vdj7ut\"><div class=\"eb-parent-wrapper eb-parent-eb-team-member-7vdj7ut eb_animation eb___animated eb___fadeIn\"><div class=\"eb-team-member-7vdj7ut eb-team-wrapper default  \"><div class=\"eb-team-inner\"><div class=\"eb-team-member-image\"><img decoding=\"async\" class=\"eb-team-member-avatar\" src=\"https:\/\/notfallseelsorge.saarland\/wp-content\/uploads\/group.png\" alt=\"Piktogramm Gruppe\"\/><\/div><div class=\"eb-team-member-contents\"><div class=\"eb-team-member-texts\"><h3 class=\"eb-team-member-name\">S\u00fcd<\/h3><h4 class=\"eb-team-member-job-title\">N.N.<\/h4><p class=\"eb-team-member-description\">Einsatzgruppe PSNV-E<br>Saarpfalzkreis und Regionalverband<\/p><\/div><\/div><\/div><\/div><\/div><\/div>\n<\/div>\n\n\n\n<div class=\"wp-block-column is-layout-flow wp-block-column-is-layout-flow\">\n<div class=\"wp-block-essential-blocks-team-member  root-eb-team-member-zy62mxp\"><div class=\"eb-parent-wrapper eb-parent-eb-team-member-zy62mxp eb_animation eb___animated eb___fadeIn\"><div class=\"eb-team-member-zy62mxp eb-team-wrapper default  \"><div class=\"eb-team-inner\"><div class=\"eb-team-member-image\"><img decoding=\"async\" class=\"eb-team-member-avatar\" src=\"https:\/\/notfallseelsorge.saarland\/wp-content\/uploads\/group.png\" alt=\"Piktogramm Gruppe\"\/><\/div><div class=\"eb-team-member-contents\"><div class=\"eb-team-member-texts\"><h3 class=\"eb-team-member-name\">West<\/h3><h4 class=\"eb-team-member-job-title\">D\u00e9sir\u00e9e Tullius<br>Peter Sieger<\/h4><p class=\"eb-team-member-description\">Einsatzgruppe PSNV-E<br>Landkreise Saarlouis und Merzig-Wadern<\/p><\/div><\/div><\/div><\/div><\/div><\/div>\n<\/div>\n<\/div>\n\n\n\n<h3 class=\"wp-block-heading has-text-align-center\">Kreise der PSNV-B (Akuthilfe f\u00fcr Bev\u00f6lkerung)<\/h3>\n\n\n\n<div class=\"wp-block-columns is-layout-flex wp-container-core-columns-is-layout-28f84493 wp-block-columns-is-layout-flex\">\n<div class=\"wp-block-column is-layout-flow wp-block-column-is-layout-flow\">\n<div class=\"wp-block-essential-blocks-team-member  root-eb-team-member-xkvaigx\"><div class=\"eb-parent-wrapper eb-parent-eb-team-member-xkvaigx eb_animation eb___animated eb___fadeIn\"><div class=\"eb-team-member-xkvaigx eb-team-wrapper default  \"><div class=\"eb-team-inner\"><div class=\"eb-team-member-image\"><img decoding=\"async\" class=\"eb-team-member-avatar\" src=\"https:\/\/notfallseelsorge.saarland\/wp-content\/uploads\/group.png\" alt=\"Piktogramm Gruppe\"\/><\/div><div class=\"eb-team-member-contents\"><div class=\"eb-team-member-texts\"><h3 class=\"eb-team-member-name\">Merzig-Wadern<\/h3><h4 class=\"eb-team-member-job-title\">N.N.,<\/h4><p class=\"eb-team-member-description\">Einsatzgruppe PSNV-B<\/p><\/div><\/div><\/div><\/div><\/div><\/div>\n<\/div>\n\n\n\n<div class=\"wp-block-column is-layout-flow wp-block-column-is-layout-flow\">\n<div class=\"wp-block-essential-blocks-team-member  root-eb-team-member-tu2a3l1\"><div class=\"eb-parent-wrapper eb-parent-eb-team-member-tu2a3l1 eb_animation eb___animated eb___fadeIn\"><div class=\"eb-team-member-tu2a3l1 eb-team-wrapper default  \"><div class=\"eb-team-inner\"><div class=\"eb-team-member-image\"><img decoding=\"async\" class=\"eb-team-member-avatar\" src=\"https:\/\/notfallseelsorge.saarland\/wp-content\/uploads\/group.png\" alt=\"Piktogramm Gruppe\"\/><\/div><div class=\"eb-team-member-contents\"><div class=\"eb-team-member-texts\"><h3 class=\"eb-team-member-name\">Neunkirchen<\/h3><h4 class=\"eb-team-member-job-title\">Heiko Buch<br>Dr. phil. Robert Kolatzek,<br>Edeltraud Kiefer<\/h4><p class=\"eb-team-member-description\">Einsatzgruppe PSNV-B<\/p><\/div><\/div><\/div><\/div><\/div><\/div>\n<\/div>\n\n\n\n<div class=\"wp-block-column is-layout-flow wp-block-column-is-layout-flow\">\n<div class=\"wp-block-essential-blocks-team-member  root-eb-team-member-pnavrn9\"><div class=\"eb-parent-wrapper eb-parent-eb-team-member-pnavrn9 eb_animation eb___animated eb___fadeIn\"><div class=\"eb-team-member-pnavrn9 eb-team-wrapper default  \"><div class=\"eb-team-inner\"><div class=\"eb-team-member-image\"><img decoding=\"async\" class=\"eb-team-member-avatar\" src=\"https:\/\/notfallseelsorge.saarland\/wp-content\/uploads\/group.png\" alt=\"Piktogramm Gruppe\"\/><\/div><div class=\"eb-team-member-contents\"><div class=\"eb-team-member-texts\"><h3 class=\"eb-team-member-name\">Regionalverband Saarbr\u00fccken<\/h3><h4 class=\"eb-team-member-job-title\">Matthias Rach<\/h4><p class=\"eb-team-member-description\">Einsatzgruppe PSNV-B<\/p><\/div><\/div><\/div><\/div><\/div><\/div>\n<\/div>\n<\/div>\n\n\n\n<div class=\"wp-block-columns is-layout-flex wp-container-core-columns-is-layout-28f84493 wp-block-columns-is-layout-flex\">\n<div class=\"wp-block-column is-layout-flow wp-block-column-is-layout-flow\">\n<div class=\"wp-block-essential-blocks-team-member  root-eb-team-member-0zamn7h\"><div class=\"eb-parent-wrapper eb-parent-eb-team-member-0zamn7h eb_animation eb___animated eb___fadeIn\"><div class=\"eb-team-member-0zamn7h eb-team-wrapper default  \"><div class=\"eb-team-inner\"><div class=\"eb-team-member-image\"><img decoding=\"async\" class=\"eb-team-member-avatar\" src=\"https:\/\/notfallseelsorge.saarland\/wp-content\/uploads\/group.png\" alt=\"Piktogramm Gruppe\"\/><\/div><div class=\"eb-team-member-contents\"><div class=\"eb-team-member-texts\"><h3 class=\"eb-team-member-name\">Saarpfalzkreis<\/h3><h4 class=\"eb-team-member-job-title\">Olaf Riebes<\/h4><p class=\"eb-team-member-description\">Einsatzgruppe PSNV-B<\/p><\/div><\/div><\/div><\/div><\/div><\/div>\n<\/div>\n\n\n\n<div class=\"wp-block-column is-layout-flow wp-block-column-is-layout-flow\">\n<div class=\"wp-block-essential-blocks-team-member  root-eb-team-member-joed844\"><div class=\"eb-parent-wrapper eb-parent-eb-team-member-joed844 eb_animation eb___animated eb___fadeIn\"><div class=\"eb-team-member-joed844 eb-team-wrapper default  \"><div class=\"eb-team-inner\"><div class=\"eb-team-member-image\"><img decoding=\"async\" class=\"eb-team-member-avatar\" src=\"https:\/\/notfallseelsorge.saarland\/wp-content\/uploads\/group.png\" alt=\"Piktogramm Gruppe\"\/><\/div><div class=\"eb-team-member-contents\"><div class=\"eb-team-member-texts\"><h3 class=\"eb-team-member-name\">Saarlouis<\/h3><h4 class=\"eb-team-member-job-title\">Winfried Lorenz,<br>Christoph Irsch,<br>Dirk Schwagmeier<\/h4><p class=\"eb-team-member-description\">Einsatzgruppe PSNV-B<\/p><\/div><\/div><\/div><\/div><\/div><\/div>\n<\/div>\n\n\n\n<div class=\"wp-block-column is-layout-flow wp-block-column-is-layout-flow\">\n<div class=\"wp-block-essential-blocks-team-member  root-eb-team-member-6boaosu\"><div class=\"eb-parent-wrapper eb-parent-eb-team-member-6boaosu eb_animation eb___animated eb___fadeIn\"><div class=\"eb-team-member-6boaosu eb-team-wrapper default  \"><div class=\"eb-team-inner\"><div class=\"eb-team-member-image\"><img decoding=\"async\" class=\"eb-team-member-avatar\" src=\"https:\/\/notfallseelsorge.saarland\/wp-content\/uploads\/group.png\" alt=\"Piktogramm Gruppe\"\/><\/div><div class=\"eb-team-member-contents\"><div class=\"eb-team-member-texts\"><h3 class=\"eb-team-member-name\">St. Wendel<\/h3><h4 class=\"eb-team-member-job-title\">Peter Munkes<\/h4><p class=\"eb-team-member-description\">Einsatzgruppe PSNV-B<\/p><\/div><\/div><\/div><\/div><\/div><\/div>\n<\/div>\n<\/div>\n","protected":false},"excerpt":{"rendered":"<p>Im Einsatz unterscheidet sich die Struktur zu der des Vereins. Der Verein gliedert sein Einsatzgebiet in Kreise (nach dem Wort &#8222;Landkreis&#8220;) f\u00fcr Eins\u00e4tze mit der Bev\u00f6lkerung und Bezirke (Verbund von zwei Landkreisen) f\u00fcr die Eins\u00e4tze zur Betreuung von Einsatzkr\u00e4ften. Diese haben einen Leiter sowie Stellvertreter (diese werden unten namentlich genannt) und gliedern sich wie folgt: [&hellip;]<\/p>\n","protected":false},"author":1,"featured_media":0,"parent":0,"menu_order":0,"comment_status":"closed","ping_status":"closed","template":"","meta":{"_eb_attr":"","_uag_custom_page_level_css":"","site-sidebar-layout":"default","site-content-layout":"","ast-site-content-layout":"default","site-content-style":"default","site-sidebar-style":"default","ast-global-header-display":"","ast-banner-title-visibility":"","ast-main-header-display":"","ast-hfb-above-header-display":"","ast-hfb-below-header-display":"","ast-hfb-mobile-header-display":"","site-post-title":"","ast-breadcrumbs-content":"","ast-featured-img":"","footer-sml-layout":"","theme-transparent-header-meta":"","adv-header-id-meta":"","stick-header-meta":"","header-above-stick-meta":"","header-main-stick-meta":"","header-below-stick-meta":"","astra-migrate-meta-layouts":"default","ast-page-background-enabled":"default","ast-page-background-meta":{"desktop":{"background-color":"var(--ast-global-color-4)","background-image":"","background-repeat":"repeat","background-position":"center center","background-size":"auto","background-attachment":"scroll","background-type":"","background-media":"","overlay-type":"","overlay-color":"","overlay-opacity":"","overlay-gradient":""},"tablet":{"background-color":"","background-image":"","background-repeat":"repeat","background-position":"center center","background-size":"auto","background-attachment":"scroll","background-type":"","background-media":"","overlay-type":"","overlay-color":"","overlay-opacity":"","overlay-gradient":""},"mobile":{"background-color":"","background-image":"","background-repeat":"repeat","background-position":"center center","background-size":"auto","background-attachment":"scroll","background-type":"","background-media":"","overlay-type":"","overlay-color":"","overlay-opacity":"","overlay-gradient":""}},"ast-content-background-meta":{"desktop":{"background-color":"var(--ast-global-color-5)","background-image":"","background-repeat":"repeat","background-position":"center center","background-size":"auto","background-attachment":"scroll","background-type":"","background-media":"","overlay-type":"","overlay-color":"","overlay-opacity":"","overlay-gradient":""},"tablet":{"background-color":"var(--ast-global-color-5)","background-image":"","background-repeat":"repeat","background-position":"center center","background-size":"auto","background-attachment":"scroll","background-type":"","background-media":"","overlay-type":"","overlay-color":"","overlay-opacity":"","overlay-gradient":""},"mobile":{"background-color":"var(--ast-global-color-5)","background-image":"","background-repeat":"repeat","background-position":"center center","background-size":"auto","background-attachment":"scroll","background-type":"","background-media":"","overlay-type":"","overlay-color":"","overlay-opacity":"","overlay-gradient":""}},"footnotes":""},"class_list":["post-2229","page","type-page","status-publish","hentry"],"uagb_featured_image_src":{"full":false,"thumbnail":false,"medium":false,"medium_large":false,"large":false,"1536x1536":false,"2048x2048":false},"uagb_author_info":{"display_name":"admin","author_link":"https:\/\/notfallseelsorge.saarland\/index.php\/author\/admin\/"},"uagb_comment_info":0,"uagb_excerpt":"Im Einsatz unterscheidet sich die Struktur zu der des Vereins. Der Verein gliedert sein Einsatzgebiet in Kreise (nach dem Wort &#8222;Landkreis&#8220;) f\u00fcr Eins\u00e4tze mit der Bev\u00f6lkerung und Bezirke (Verbund von zwei Landkreisen) f\u00fcr die Eins\u00e4tze zur Betreuung von Einsatzkr\u00e4ften. Diese haben einen Leiter sowie Stellvertreter (diese werden unten namentlich genannt) und gliedern sich wie folgt:&hellip;","_links":{"self":[{"href":"https:\/\/notfallseelsorge.saarland\/index.php\/wp-json\/wp\/v2\/pages\/2229","targetHints":{"allow":["GET"]}}],"collection":[{"href":"https:\/\/notfallseelsorge.saarland\/index.php\/wp-json\/wp\/v2\/pages"}],"about":[{"href":"https:\/\/notfallseelsorge.saarland\/index.php\/wp-json\/wp\/v2\/types\/page"}],"author":[{"embeddable":true,"href":"https:\/\/notfallseelsorge.saarland\/index.php\/wp-json\/wp\/v2\/users\/1"}],"replies":[{"embeddable":true,"href":"https:\/\/notfallseelsorge.saarland\/index.php\/wp-json\/wp\/v2\/comments?post=2229"}],"version-history":[{"count":3,"href":"https:\/\/notfallseelsorge.saarland\/index.php\/wp-json\/wp\/v2\/pages\/2229\/revisions"}],"predecessor-version":[{"id":2240,"href":"https:\/\/notfallseelsorge.saarland\/index.php\/wp-json\/wp\/v2\/pages\/2229\/revisions\/2240"}],"wp:attachment":[{"href":"https:\/\/notfallseelsorge.saarland\/index.php\/wp-json\/wp\/v2\/media?parent=2229"}],"curies":[{"name":"wp","href":"https:\/\/api.w.org\/{rel}","templated":true}]}}