{"id":24,"date":"2008-06-02T13:48:36","date_gmt":"2008-06-02T12:48:36","guid":{"rendered":"http:\/\/www.psu-saarland.de\/?page_id=24"},"modified":"2017-03-09T21:00:45","modified_gmt":"2017-03-09T20:00:45","slug":"fortbildungsangebot","status":"publish","type":"page","link":"https:\/\/notfallseelsorge.saarland\/index.php\/einsatzgebiete\/fortbildungsangebot\/","title":{"rendered":"Fortbildungsangebote"},"content":{"rendered":"<p>Wir bieten Fortbildungen f\u00fcr Einsatzkr\u00e4fte und F\u00fchrungskr\u00e4fte aller Hilfsorganisationen an.<\/p>\n<p>Unser Fortbildungsangebot umfasst thematische Einweisungen von einigen Stunden und qualifizierten Fortbildungen von mehreren Wochenenden.<\/p>\n<p><!--more-->Inhaltlich gliedern sich die Fortbildungsangebote in mehrere Bereiche:<\/p>\n<ol>\n<li><strong>Pr\u00e4vention <\/strong>zur Erkennung von eigenen Belastungsreaktionen und den richtigen Umgang damit. Dieser Kurs soll die F\u00e4higkeiten der Mitarbeiter erh\u00f6hen, mit den Folgen extremer Ereignisse umzugehen. So soll z. B. eine sp\u00e4tere Berufsunf\u00e4higkeit vermieden werden, was auch die Folge einer starken Belastung sein kann. Hierbei handelt es sich um eine vorsorgliche Ma\u00dfnahme.<\/li>\n<li><strong>Pr\u00e4vention f\u00fcr F\u00fchrungskr\u00e4fte<\/strong> zur Erkennung von Belastungsreaktionen in den eigenen Reihen sowie der richtige Umgang damit. Dieser Kurs soll F\u00fchrungskr\u00e4fte daf\u00fcr sensibilisieren, Belastungsreaktionen bei Mitarbeitern zu erkennen, um diesen fr\u00fchzeitig entgegenwirken zu k\u00f6nnen. So soll z. B. eine sp\u00e4tere Berufsunf\u00e4higkeit vermieden werden, was die Folge einer starken Belastung sein kann. Hierbei handelt es sich um eine vorsorgliche Ma\u00dfnahme.<\/li>\n<li><strong>Akutbetreuung durch Einsatzkr\u00e4fte<\/strong> ist eine Schulung im Umgang mit Menschen in extremen Situationen. Einsatzkr\u00e4fte sollen durch diesen Kurs in die Lage versetzt werden, besser mit Menschen in Ausnahmesituationen umzugehen. Sie lernen ebenfalls abzusch\u00e4tzen, wann eine Alarmierung von PSNV-Fachkr\u00e4ften sinnvoll ist und wie man die Zeit bis zu deren Eintreffen \u00fcberbr\u00fccken kann.<\/li>\n<li><strong>Informationsveranstaltung<\/strong> mit Einblicken in die Arbeitsweisen, in Einsatzgebiete und Schnittstellen der Notfallseelsorge und Krisenintervention Saarland e. V. sowie Anleitung, um besser entscheiden zu k\u00f6nnen, wann eine Alarmierung von PSNV-Fachkr\u00e4ften sinnvoll ist.<\/li>\n<\/ol>\n<p>Dar\u00fcber hinaus bieten wir an, externe Mitarbeiter so auszubilden, dass sie innerhalb ihrer eigenen Organisation als Schnittstelle zur Notfallseelsorge &amp; Krisenintervention Saarland e. V. fungieren k\u00f6nnen.<\/p>\n<p>Hierbei sollte es sich um Mitarbeiter mit F\u00fchrungsqualit\u00e4ten aber nicht um F\u00fchrungskr\u00e4fte handeln.<\/p>\n<p>Es stehen zwei Ausbildungsg\u00e4nge dieser Art zur Verf\u00fcgung:<\/p>\n<ol>\n<li>Ausbildung zum\u00a0<strong>Notfallbegleiter f\u00fcr Vor- &amp; Nachsorge (VNE)<\/strong><br \/>\nDiese Mitarbeiter lernen zur erkennen wann Belastungsreaktionen in den eigenen Reihen vorliegen und wie man damit umgeht. Sie lernen Einzelgespr\u00e4che im Rahmen der Nachsorge zu f\u00fchren und zu erkennen wann Bedarf f\u00fcr eine weitergehende Nachsorge besteht. Sie sind in erster Linie nach innen t\u00e4tig und dienen als Bindeglied zwischen ihrer Einheit und den Fachkr\u00e4ften PSNV.<\/li>\n<li>Ausbildung zum <strong>Notfallbegleiter f\u00fcr Akutbetreuung<br \/>\n<\/strong>Diese Mitarbeiter lernen den Umgang mit Betroffenen in extremen Situationen. Sie lernen wann eine Alarmierung von PSNV-Fachkr\u00e4ften sinnvoll ist und wie man die Zeit bis zu deren Eintreffen \u00fcberbr\u00fccken kann. Sie sind soweit ausgebildet, dass sie <span style=\"text-decoration: underline;\">unter der Leitung einer PSNV-Fachkraft<\/span> auch an PSNV-Eins\u00e4tzen teilnehmen k\u00f6nnen. Notfallbegleiter sind in erster Linie nach au\u00dfen t\u00e4tig und werden unterst\u00fctzend f\u00fcr PSU Fachkr\u00e4fte eingesetzt.<\/li>\n<\/ol>\n<p>Die T\u00e4tigkeit als Nofallbegleiter kann ein Einstig zu einer T\u00e4tigkeit als <em>PSNV-Fachkraft<\/em> sein.<\/p>\n<p>Dieser \u00dcberblick wurde zusammengestellt von:<\/p>\n<p>Ingo Vigneron<\/p>\n<h3>Anfragen nehmen wir \u00fcber dieses Formular entgegen<\/h3>\n\n<div class=\"wpcf7 no-js\" id=\"wpcf7-f928-o1\" lang=\"de-DE\" dir=\"ltr\" data-wpcf7-id=\"928\">\n<div class=\"screen-reader-response\"><p role=\"status\" aria-live=\"polite\" aria-atomic=\"true\"><\/p> <ul><\/ul><\/div>\n<form action=\"\/index.php\/wp-json\/wp\/v2\/pages\/24#wpcf7-f928-o1\" method=\"post\" class=\"wpcf7-form init\" aria-label=\"Kontaktformular\" novalidate=\"novalidate\" data-status=\"init\">\n<fieldset class=\"hidden-fields-container\"><input type=\"hidden\" name=\"_wpcf7\" value=\"928\" \/><input type=\"hidden\" name=\"_wpcf7_version\" value=\"6.1.5\" \/><input type=\"hidden\" name=\"_wpcf7_locale\" value=\"de_DE\" \/><input type=\"hidden\" name=\"_wpcf7_unit_tag\" value=\"wpcf7-f928-o1\" \/><input type=\"hidden\" name=\"_wpcf7_container_post\" value=\"0\" \/><input type=\"hidden\" name=\"_wpcf7_posted_data_hash\" value=\"\" \/><input type=\"hidden\" name=\"_wpcf7_recaptcha_response\" value=\"\" \/>\n<\/fieldset>\n<p>Bitte beachten Sie: Die Leitungsgruppe ist eine Kontaktgruppe f\u00fcr \u00c4mter und Beh\u00f6rden oder Landesbeauftragte PSNV anderer Bundesl\u00e4nder. Sie ist weder der Vorstand des Vereins noch ein Weg f\u00fcr die Alarmierung.\n<\/p>\n<p>Ihr Name (Pflichtfeld)\n<\/p>\n<p><span class=\"wpcf7-form-control-wrap\" data-name=\"your-name\"><input size=\"40\" maxlength=\"400\" class=\"wpcf7-form-control wpcf7-text wpcf7-validates-as-required\" aria-required=\"true\" aria-invalid=\"false\" value=\"\" type=\"text\" name=\"your-name\" \/><\/span>\n<\/p>\n<p>Ihre E-Mail-Adresse (Pflichtfeld)\n<\/p>\n<p><span class=\"wpcf7-form-control-wrap\" data-name=\"your-email\"><input size=\"40\" maxlength=\"400\" class=\"wpcf7-form-control wpcf7-email wpcf7-validates-as-required wpcf7-text wpcf7-validates-as-email\" aria-required=\"true\" aria-invalid=\"false\" value=\"\" type=\"email\" name=\"your-email\" \/><\/span>\n<\/p>\n<p>(Optional) Ihre Telefonnummer\n<\/p>\n<p><span class=\"wpcf7-form-control-wrap\" data-name=\"tel-150\"><input size=\"40\" maxlength=\"400\" class=\"wpcf7-form-control wpcf7-tel wpcf7-text wpcf7-validates-as-tel\" aria-invalid=\"false\" value=\"\" type=\"tel\" name=\"tel-150\" \/><\/span>\n<\/p>\n<p>Betreff\n<\/p>\n<p><span class=\"wpcf7-form-control-wrap\" data-name=\"your-subject\"><input size=\"40\" maxlength=\"400\" class=\"wpcf7-form-control wpcf7-text\" aria-invalid=\"false\" value=\"\" type=\"text\" name=\"your-subject\" \/><\/span>\n<\/p>\n<p>Ihre Nachricht\n<\/p>\n<p><span class=\"wpcf7-form-control-wrap\" data-name=\"your-message\"><textarea cols=\"40\" rows=\"10\" maxlength=\"2000\" class=\"wpcf7-form-control wpcf7-textarea wpcf7-validates-as-required\" aria-required=\"true\" aria-invalid=\"false\" name=\"your-message\"><\/textarea><\/span>\n<\/p>\n<p><br \/>\n\n<\/p>\n<p><input class=\"wpcf7-form-control wpcf7-submit has-spinner\" type=\"submit\" value=\"Senden\" \/>\n<\/p><div class=\"wpcf7-response-output\" aria-hidden=\"true\"><\/div>\n<\/form>\n<\/div>\n\n<h3>Alternativ k\u00f6nnen Sie uns eine E-Mail senden<\/h3>\n<p><span style=\"text-decoration: underline;\">Email<\/span>: <strong>leitungsgruppe<\/strong> <em>[at]<\/em> <strong>psnv &#8211; saarland . de<\/strong><\/p>\n<p>&nbsp;<\/p>\n<p>\u00dcbertragen Sie die Email-Adresse bitte von Hand, ersetzen Sie das <em><strong>[at]<\/strong><\/em> mit dem <strong>@<\/strong> Zeichen und entfernen Sie alle Leerzeichen. Wir bitten um Verst\u00e4ndnis, wir ver\u00f6ffentlichen unsere E-Mail-Adresse nicht im Klartext, um uns vor automatisierter Email-Werbung zu sch\u00fctzen.<\/p>\n","protected":false},"excerpt":{"rendered":"<p>Wir bieten Fortbildungen f\u00fcr Einsatzkr\u00e4fte und F\u00fchrungskr\u00e4fte aller Hilfsorganisationen an. Unser Fortbildungsangebot umfasst thematische Einweisungen von einigen Stunden und qualifizierten Fortbildungen von mehreren Wochenenden.<\/p>\n","protected":false},"author":2,"featured_media":0,"parent":1002,"menu_order":70,"comment_status":"closed","ping_status":"open","template":"","meta":{"_eb_attr":"","_uag_custom_page_level_css":"","site-sidebar-layout":"default","site-content-layout":"","ast-site-content-layout":"default","site-content-style":"default","site-sidebar-style":"default","ast-global-header-display":"","ast-banner-title-visibility":"","ast-main-header-display":"","ast-hfb-above-header-display":"","ast-hfb-below-header-display":"","ast-hfb-mobile-header-display":"","site-post-title":"","ast-breadcrumbs-content":"","ast-featured-img":"","footer-sml-layout":"","theme-transparent-header-meta":"","adv-header-id-meta":"","stick-header-meta":"","header-above-stick-meta":"","header-main-stick-meta":"","header-below-stick-meta":"","astra-migrate-meta-layouts":"default","ast-page-background-enabled":"default","ast-page-background-meta":{"desktop":{"background-color":"var(--ast-global-color-4)","background-image":"","background-repeat":"repeat","background-position":"center center","background-size":"auto","background-attachment":"scroll","background-type":"","background-media":"","overlay-type":"","overlay-color":"","overlay-opacity":"","overlay-gradient":""},"tablet":{"background-color":"","background-image":"","background-repeat":"repeat","background-position":"center center","background-size":"auto","background-attachment":"scroll","background-type":"","background-media":"","overlay-type":"","overlay-color":"","overlay-opacity":"","overlay-gradient":""},"mobile":{"background-color":"","background-image":"","background-repeat":"repeat","background-position":"center center","background-size":"auto","background-attachment":"scroll","background-type":"","background-media":"","overlay-type":"","overlay-color":"","overlay-opacity":"","overlay-gradient":""}},"ast-content-background-meta":{"desktop":{"background-color":"var(--ast-global-color-5)","background-image":"","background-repeat":"repeat","background-position":"center center","background-size":"auto","background-attachment":"scroll","background-type":"","background-media":"","overlay-type":"","overlay-color":"","overlay-opacity":"","overlay-gradient":""},"tablet":{"background-color":"var(--ast-global-color-5)","background-image":"","background-repeat":"repeat","background-position":"center center","background-size":"auto","background-attachment":"scroll","background-type":"","background-media":"","overlay-type":"","overlay-color":"","overlay-opacity":"","overlay-gradient":""},"mobile":{"background-color":"var(--ast-global-color-5)","background-image":"","background-repeat":"repeat","background-position":"center center","background-size":"auto","background-attachment":"scroll","background-type":"","background-media":"","overlay-type":"","overlay-color":"","overlay-opacity":"","overlay-gradient":""}},"footnotes":""},"class_list":["post-24","page","type-page","status-publish","hentry"],"uagb_featured_image_src":{"full":false,"thumbnail":false,"medium":false,"medium_large":false,"large":false,"1536x1536":false,"2048x2048":false},"uagb_author_info":{"display_name":"Ingo Vigneron","author_link":"https:\/\/notfallseelsorge.saarland\/index.php\/author\/ingo\/"},"uagb_comment_info":0,"uagb_excerpt":"Wir bieten Fortbildungen f\u00fcr Einsatzkr\u00e4fte und F\u00fchrungskr\u00e4fte aller Hilfsorganisationen an. Unser Fortbildungsangebot umfasst thematische Einweisungen von einigen Stunden und qualifizierten Fortbildungen von mehreren Wochenenden.","_links":{"self":[{"href":"https:\/\/notfallseelsorge.saarland\/index.php\/wp-json\/wp\/v2\/pages\/24","targetHints":{"allow":["GET"]}}],"collection":[{"href":"https:\/\/notfallseelsorge.saarland\/index.php\/wp-json\/wp\/v2\/pages"}],"about":[{"href":"https:\/\/notfallseelsorge.saarland\/index.php\/wp-json\/wp\/v2\/types\/page"}],"author":[{"embeddable":true,"href":"https:\/\/notfallseelsorge.saarland\/index.php\/wp-json\/wp\/v2\/users\/2"}],"replies":[{"embeddable":true,"href":"https:\/\/notfallseelsorge.saarland\/index.php\/wp-json\/wp\/v2\/comments?post=24"}],"version-history":[{"count":12,"href":"https:\/\/notfallseelsorge.saarland\/index.php\/wp-json\/wp\/v2\/pages\/24\/revisions"}],"predecessor-version":[{"id":1521,"href":"https:\/\/notfallseelsorge.saarland\/index.php\/wp-json\/wp\/v2\/pages\/24\/revisions\/1521"}],"up":[{"embeddable":true,"href":"https:\/\/notfallseelsorge.saarland\/index.php\/wp-json\/wp\/v2\/pages\/1002"}],"wp:attachment":[{"href":"https:\/\/notfallseelsorge.saarland\/index.php\/wp-json\/wp\/v2\/media?parent=24"}],"curies":[{"name":"wp","href":"https:\/\/api.w.org\/{rel}","templated":true}]}}