{"id":8,"date":"2008-03-10T10:14:27","date_gmt":"2008-03-10T09:14:27","guid":{"rendered":"http:\/\/www.psu-saarland.de\/index.php\/psu-fur-einsatzkrafte\/"},"modified":"2023-10-22T15:01:30","modified_gmt":"2023-10-22T14:01:30","slug":"psnv-fur-einsatzkrafte","status":"publish","type":"page","link":"https:\/\/notfallseelsorge.saarland\/index.php\/einsatzgebiete\/psnv-fur-einsatzkrafte\/","title":{"rendered":"PSNV f\u00fcr Einsatzkr\u00e4fte"},"content":{"rendered":"\n<p>Die <strong>Psychosoziale Notfallversorgung von Einsatzkr\u00e4ften<\/strong> (kurz <strong>PSNV-E<\/strong>, fr\u00fcher als <em>&#8222;Vor- und Nachsorge f\u00fcr Einsatzkr\u00e4fte<\/em>&#8220; bzw. <em>VNE<\/em> bezeichnet) hat folgende Aufgaben:<\/p>\n\n\n\n<ul class=\"wp-block-list\">\n<li>Die Vorbereitung von Einsatzkr\u00e4ften auf belastende Situationen<\/li>\n\n\n\n<li>Die Nachsorge von Einsatzkr\u00e4ften nach extremen Eins\u00e4tzen<\/li>\n<\/ul>\n\n\n\n<!--more-->\n\n\n\n<p>Im Saarland arbeiten wir nach dem anerkannten Standard der &#8222;Stressbearbeitung nach belastenden Ereignissen (SbE)&#8220;. Dies entspricht dem international anerkannten Standard &#8222;Critical Incident Stress Management (CISM)&#8220;. Zudem wird die Vorgehensweise sowohl den kulturellen Bed\u00fcrfnissen als auch den neuesten wissenschaftlichen Erkenntnissen fortlaufend angepasst, um einen m\u00f6glichst hohen Qualit\u00e4tsstandard zu gew\u00e4hrleisten.<\/p>\n\n\n\n<p>Ein Angebot f\u00fcr Einsatzkr\u00e4fte von:<\/p>\n\n\n\n<ul class=\"wp-block-list\">\n<li>Polizei<\/li>\n\n\n\n<li>Feuerwehr<\/li>\n\n\n\n<li>Rettungsdienst<\/li>\n\n\n\n<li>Hilfsorganisationen<\/li>\n\n\n\n<li>Risikobehafteten Berufsgruppen<\/li>\n<\/ul>\n\n\n\n<p>Auch wenn gut ausgebildete, erfahrene Menschen t\u00e4glich mit Leid, Not und Tod zu tun haben, gibt es bestimmte Situationen, die eine nachhaltige Wirkung aus\u00fcben k\u00f6nnen.<\/p>\n\n\n\n<p>Die Anzeichen f\u00fcr Stress durch belastende Ereignisse k\u00f6nnen sofort oder sp\u00e4ter nach dem Erlebnis auftreten.<\/p>\n\n\n\n<p><strong>Dies ist eine normale, menschliche Reaktion auf ein ungew\u00f6hnliches Ereignis.<\/strong><\/p>\n\n\n\n<p>Situationen, die als au\u00dfergew\u00f6hnlich belastend erlebt werden, k\u00f6nnen von anderen Menschen f\u00fcr unbelastend empfunden werden. Manchmal sind es auch Kleinigkeiten, die Menschen im Zusammenhang mit ihrer Lebensgeschichte extrem belasten k\u00f6nnen. Bei einer belastenden Stressreaktion kommt f\u00fcr den Betroffenen das Unverst\u00e4ndnis der anderen Beteiligten dazu. Informationen \u00fcber die normalen K\u00f6rperreaktionen einer Stressreaktion k\u00f6nnen die Angst vor den Reaktionen nehmen.<\/p>\n\n\n\n<p>Zudem gibt es M\u00f6glichkeiten, diesen K\u00f6rperreaktionen entgegenzuwirken oder sie zu forcieren. Daher erm\u00f6glicht eine schnelle Aufkl\u00e4rung ein sinnvolles Umgehen mit der Situation, welches zu einem schnelleren Abklingen der Reaktionen f\u00fchren kann.<\/p>\n\n\n\n<p>M\u00f6gliche Anzeichen einer akuten Belastungsreaktion k\u00f6nnen unter anderen sein:<\/p>\n\n\n\n<ul class=\"wp-block-list\">\n<li>Nervosit\u00e4t und innere Unruhe<\/li>\n\n\n\n<li>Erleben der Welt wie unter einer Dunstglocke<\/li>\n\n\n\n<li>\u00c4ngste, Selbstzweifel, Versagens\u00e4ngste<\/li>\n\n\n\n<li>Gereiztheit<\/li>\n\n\n\n<li>Ver\u00e4nderung der Essgewohnheiten: Appetitlosigkeit, Fressanf\u00e4lle, etc.<\/li>\n\n\n\n<li>Konzentrationsst\u00f6rungen<\/li>\n\n\n\n<li>emotionaler R\u00fcckzug<\/li>\n\n\n\n<li>Schlafst\u00f6rungen, Albtr\u00e4ume<\/li>\n\n\n\n<li>sich aufzwingende Wiedererinnerungen<\/li>\n<\/ul>\n\n\n\n<p>Angebote der Nachsorgeeinheiten im Saarland:<\/p>\n\n\n\n<ul class=\"wp-block-list\">\n<li>Pr\u00e4ventionsveranstaltungen f\u00fcr Menschen, die im Kontext von belastenden Ereignissen arbeiten<\/li>\n\n\n\n<li>Begleitung bei l\u00e4nger andauernden Eins\u00e4tzen<\/li>\n\n\n\n<li>Einzel- und Gruppengespr\u00e4che<\/li>\n\n\n\n<li>Informationen zu Stress direkt nach schwierigen Ereignissen<\/li>\n\n\n\n<li>Kurzbesprechung, 8 &#8211; 48 Stunden nach einem belastenden Ereignis<\/li>\n\n\n\n<li>Strukturierte Nachbesprechungen 3 &#8211; 4 Tage nach dem Ereignis<\/li>\n<\/ul>\n\n\n\n<p>Dieser \u00dcberblick wurde zusammengestellt von:<\/p>\n\n\n\n<p>Christoph Fleck<br>Landesbeauftragter PSNV<\/p>\n\n\n\n<h3 class=\"wp-block-heading\">Anfragen nehmen wir \u00fcber dieses Formular entgegen<\/h3>\n\n\n\n<div class=\"wpcf7 no-js\" id=\"wpcf7-f939-o1\" lang=\"de-DE\" dir=\"ltr\" data-wpcf7-id=\"939\">\n<div class=\"screen-reader-response\"><p role=\"status\" aria-live=\"polite\" aria-atomic=\"true\"><\/p> <ul><\/ul><\/div>\n<form action=\"\/index.php\/wp-json\/wp\/v2\/pages\/8#wpcf7-f939-o1\" method=\"post\" class=\"wpcf7-form init\" aria-label=\"Kontaktformular\" novalidate=\"novalidate\" data-status=\"init\">\n<fieldset class=\"hidden-fields-container\"><input type=\"hidden\" name=\"_wpcf7\" value=\"939\" \/><input type=\"hidden\" name=\"_wpcf7_version\" value=\"6.1.5\" \/><input type=\"hidden\" name=\"_wpcf7_locale\" value=\"de_DE\" \/><input type=\"hidden\" name=\"_wpcf7_unit_tag\" value=\"wpcf7-f939-o1\" \/><input type=\"hidden\" name=\"_wpcf7_container_post\" value=\"0\" \/><input type=\"hidden\" name=\"_wpcf7_posted_data_hash\" value=\"\" \/><input type=\"hidden\" name=\"_wpcf7_recaptcha_response\" value=\"\" \/>\n<\/fieldset>\n<p>Ihr Name (Pflichtfeld)\n<\/p>\n<p><span class=\"wpcf7-form-control-wrap\" data-name=\"your-name\"><input size=\"40\" maxlength=\"400\" class=\"wpcf7-form-control wpcf7-text wpcf7-validates-as-required\" aria-required=\"true\" aria-invalid=\"false\" value=\"\" type=\"text\" name=\"your-name\" \/><\/span>\n<\/p>\n<p>Ihre E-Mail-Adresse (Pflichtfeld)\n<\/p>\n<p><span class=\"wpcf7-form-control-wrap\" data-name=\"your-email\"><input size=\"40\" maxlength=\"400\" class=\"wpcf7-form-control wpcf7-email wpcf7-validates-as-required wpcf7-text wpcf7-validates-as-email\" aria-required=\"true\" aria-invalid=\"false\" value=\"\" type=\"email\" name=\"your-email\" \/><\/span>\n<\/p>\n<p>(Optional) Ihre Telefonnummer\n<\/p>\n<p><span class=\"wpcf7-form-control-wrap\" data-name=\"tel-150\"><input size=\"40\" maxlength=\"400\" class=\"wpcf7-form-control wpcf7-tel wpcf7-text wpcf7-validates-as-tel\" aria-invalid=\"false\" value=\"\" type=\"tel\" name=\"tel-150\" \/><\/span>\n<\/p>\n<p>Betreff\n<\/p>\n<p><span class=\"wpcf7-form-control-wrap\" data-name=\"your-subject\"><input size=\"40\" maxlength=\"400\" class=\"wpcf7-form-control wpcf7-text\" aria-invalid=\"false\" value=\"\" type=\"text\" name=\"your-subject\" \/><\/span>\n<\/p>\n<p>Ihre Nachricht\n<\/p>\n<p><em>(Bitte beachten Sie, dass es hier um die erste Kontaktaufnahme geht. Verzichten Sie bitte auf Angaben zu beteiligten Personen und nennen Sie den Grund f\u00fcr Ihre Anfrage. Wir melden uns bei Ihnen, um alles Weitere zu besprechen.)<\/em>\n<\/p>\n<p><span class=\"wpcf7-form-control-wrap\" data-name=\"your-message\"><textarea cols=\"40\" rows=\"10\" maxlength=\"2000\" class=\"wpcf7-form-control wpcf7-textarea wpcf7-validates-as-required\" aria-required=\"true\" aria-invalid=\"false\" name=\"your-message\"><\/textarea><\/span>\n<\/p>\n<p><br \/>\n\n<\/p>\n<p><input class=\"wpcf7-form-control wpcf7-submit has-spinner\" type=\"submit\" value=\"Senden\" \/>\n<\/p><div class=\"wpcf7-response-output\" aria-hidden=\"true\"><\/div>\n<\/form>\n<\/div>\n\n\n\n\n<h3 class=\"wp-block-heading\">Alternativ k\u00f6nnen Sie uns eine E-Mail senden<\/h3>\n\n\n\n<p><span style=\"text-decoration: underline;\">Email<\/span>: <strong>einsatznachsorge<\/strong> <em>[at]<\/em> <strong>psnv &#8211; saarland . de<\/strong><\/p>\n\n\n\n<p>\u00dcbertragen Sie die E-Mail-Adresse bitte von Hand, ersetzen Sie das [at] mit dem @ Zeichen und entfernen Sie alle Leerzeichen. Wir bitten um Verst\u00e4ndnis, wir ver\u00f6ffentlichen unsere E-Mail-Adresse nicht im Klartext, um uns vor automatisierter E-Mail-Werbung zu sch\u00fctzen.<\/p>\n","protected":false},"excerpt":{"rendered":"<p>Die Psychosoziale Notfallversorgung von Einsatzkr\u00e4ften (kurz PSNV-E, fr\u00fcher als &#8222;Vor- und Nachsorge f\u00fcr Einsatzkr\u00e4fte&#8220; bzw. VNE bezeichnet) hat folgende Aufgaben:<\/p>\n","protected":false},"author":2,"featured_media":0,"parent":1002,"menu_order":30,"comment_status":"closed","ping_status":"open","template":"","meta":{"_eb_attr":"","_uag_custom_page_level_css":"","site-sidebar-layout":"default","site-content-layout":"","ast-site-content-layout":"default","site-content-style":"default","site-sidebar-style":"default","ast-global-header-display":"","ast-banner-title-visibility":"","ast-main-header-display":"","ast-hfb-above-header-display":"","ast-hfb-below-header-display":"","ast-hfb-mobile-header-display":"","site-post-title":"","ast-breadcrumbs-content":"","ast-featured-img":"","footer-sml-layout":"","theme-transparent-header-meta":"","adv-header-id-meta":"","stick-header-meta":"","header-above-stick-meta":"","header-main-stick-meta":"","header-below-stick-meta":"","astra-migrate-meta-layouts":"default","ast-page-background-enabled":"default","ast-page-background-meta":{"desktop":{"background-color":"var(--ast-global-color-4)","background-image":"","background-repeat":"repeat","background-position":"center center","background-size":"auto","background-attachment":"scroll","background-type":"","background-media":"","overlay-type":"","overlay-color":"","overlay-opacity":"","overlay-gradient":""},"tablet":{"background-color":"","background-image":"","background-repeat":"repeat","background-position":"center center","background-size":"auto","background-attachment":"scroll","background-type":"","background-media":"","overlay-type":"","overlay-color":"","overlay-opacity":"","overlay-gradient":""},"mobile":{"background-color":"","background-image":"","background-repeat":"repeat","background-position":"center center","background-size":"auto","background-attachment":"scroll","background-type":"","background-media":"","overlay-type":"","overlay-color":"","overlay-opacity":"","overlay-gradient":""}},"ast-content-background-meta":{"desktop":{"background-color":"var(--ast-global-color-5)","background-image":"","background-repeat":"repeat","background-position":"center center","background-size":"auto","background-attachment":"scroll","background-type":"","background-media":"","overlay-type":"","overlay-color":"","overlay-opacity":"","overlay-gradient":""},"tablet":{"background-color":"var(--ast-global-color-5)","background-image":"","background-repeat":"repeat","background-position":"center center","background-size":"auto","background-attachment":"scroll","background-type":"","background-media":"","overlay-type":"","overlay-color":"","overlay-opacity":"","overlay-gradient":""},"mobile":{"background-color":"var(--ast-global-color-5)","background-image":"","background-repeat":"repeat","background-position":"center center","background-size":"auto","background-attachment":"scroll","background-type":"","background-media":"","overlay-type":"","overlay-color":"","overlay-opacity":"","overlay-gradient":""}},"footnotes":""},"class_list":["post-8","page","type-page","status-publish","hentry"],"uagb_featured_image_src":{"full":false,"thumbnail":false,"medium":false,"medium_large":false,"large":false,"1536x1536":false,"2048x2048":false},"uagb_author_info":{"display_name":"Ingo Vigneron","author_link":"https:\/\/notfallseelsorge.saarland\/index.php\/author\/ingo\/"},"uagb_comment_info":0,"uagb_excerpt":"Die Psychosoziale Notfallversorgung von Einsatzkr\u00e4ften (kurz PSNV-E, fr\u00fcher als &#8222;Vor- und Nachsorge f\u00fcr Einsatzkr\u00e4fte&#8220; bzw. VNE bezeichnet) hat folgende Aufgaben:","_links":{"self":[{"href":"https:\/\/notfallseelsorge.saarland\/index.php\/wp-json\/wp\/v2\/pages\/8","targetHints":{"allow":["GET"]}}],"collection":[{"href":"https:\/\/notfallseelsorge.saarland\/index.php\/wp-json\/wp\/v2\/pages"}],"about":[{"href":"https:\/\/notfallseelsorge.saarland\/index.php\/wp-json\/wp\/v2\/types\/page"}],"author":[{"embeddable":true,"href":"https:\/\/notfallseelsorge.saarland\/index.php\/wp-json\/wp\/v2\/users\/2"}],"replies":[{"embeddable":true,"href":"https:\/\/notfallseelsorge.saarland\/index.php\/wp-json\/wp\/v2\/comments?post=8"}],"version-history":[{"count":25,"href":"https:\/\/notfallseelsorge.saarland\/index.php\/wp-json\/wp\/v2\/pages\/8\/revisions"}],"predecessor-version":[{"id":2034,"href":"https:\/\/notfallseelsorge.saarland\/index.php\/wp-json\/wp\/v2\/pages\/8\/revisions\/2034"}],"up":[{"embeddable":true,"href":"https:\/\/notfallseelsorge.saarland\/index.php\/wp-json\/wp\/v2\/pages\/1002"}],"wp:attachment":[{"href":"https:\/\/notfallseelsorge.saarland\/index.php\/wp-json\/wp\/v2\/media?parent=8"}],"curies":[{"name":"wp","href":"https:\/\/api.w.org\/{rel}","templated":true}]}}