{"id":9,"date":"2008-03-10T10:32:36","date_gmt":"2008-03-10T09:32:36","guid":{"rendered":"http:\/\/www.psu-saarland.de\/index.php\/impressum\/"},"modified":"2025-03-08T00:45:16","modified_gmt":"2025-03-07T23:45:16","slug":"impressum","status":"publish","type":"page","link":"https:\/\/notfallseelsorge.saarland\/index.php\/impressum\/","title":{"rendered":"Impressum &#038; Datenschutz"},"content":{"rendered":"\n<p>Betreiber dieser Webseite im Sinne des Digitale-Dienste-Gesetzes (DDG) mit den folgenden Dom\u00e4nen:<\/p>\n\n\n\n<ul class=\"wp-block-list\">\n<li><strong>NOTFALLSEELSORGE.SAARLAND<\/strong><\/li>\n\n\n\n<li><strong>PSNV-SAARLAND.DE<\/strong><\/li>\n\n\n\n<li><strong>PSNV.SAARLAND<\/strong><\/li>\n\n\n\n<li><strong>KRISENINTERVENTION.SAARLAND<\/strong><\/li>\n<\/ul>\n\n\n\n<p>und  verantwortlich f\u00fcr die Verarbeitung Ihrer pers\u00f6nlichen Daten im Sinne des Bundesdatenschutzgesetzes (BDSG) bzw. der EU-Datenschutzgrundverordnung (2016\/679 \/ DSGVo) ist<\/p>\n\n\n\n<p>Die Notfallseelsorge und Krisenintervention Saarland e. V. (kurz: &#8222;NKS&#8220;)<\/p>\n\n\n\n<!--more-->\n\n\n\n<h2 class=\"wp-block-heading\">Anschrift des Vereins<\/h2>\n\n\n\n<p><strong>Notfallseelsorge &amp; Krisenintervention Saarland e. V.<\/strong><br>c\/o Berufsfeuerwehr Saarbr\u00fccken<br><img loading=\"lazy\" decoding=\"async\" src=\"\/images\/wappen-nfs-klein.gif\" alt=\"Wappen NKS\" width=\"100\" height=\"117\" align=\"right\"> Hessenweg 7<br>66111 Saarbr\u00fccken<\/p>\n\n\n\n<h2 class=\"wp-block-heading\">Der Verein wird vertreten durch<\/h2>\n\n\n\n<ul class=\"wp-block-list\">\n<li><b>Bertram Weber<\/b>&nbsp;(erster Vorsitzender)<\/li>\n\n\n\n<li><strong>Christoph Irsch<\/strong> (zweiter Vorsitzender)<\/li>\n\n\n\n<li><b>Olaf Riebes<\/b> (dritter Vorsitzender)<\/li>\n<\/ul>\n\n\n\n<p>Der Verein ist in das Vereinsregister der Landeshauptstadt Saarbr\u00fccken eingetragen.<\/p>\n\n\n\n<p><span style=\"text-decoration: underline;\">Register-Nr.<\/span>: <strong>VR 4941<\/strong><\/p>\n\n\n\n<p>Der Verein wurde vom Finanzamt der Landeshauptstadt Saarbr\u00fccken als <strong>gemeinn\u00fctzig<\/strong> anerkannt.<\/p>\n\n\n\n<p><span style=\"text-decoration: underline;\">Steuernummer<\/span>: <strong>040 \/ 140 \/ 26 156<\/strong><\/p>\n\n\n\n<p>Der Verein ist Mitglied der Berufsgenossenschaft f\u00fcr Gesundheitsdienste und Wohlfahrtspflege (BGW).<\/p>\n\n\n\n<p><span style=\"text-decoration: underline;\">Kundennummer<\/span>: <strong>S892654K00<\/strong><\/p>\n\n\n\n<p><span style=\"text-decoration: underline;\">Betriebsst\u00e4tten-Nummer<\/span>: <strong>S901197HBS<\/strong><\/p>\n\n\n\n<h2 class=\"wp-block-heading\">Inhalte und Urheberrechte<\/h2>\n\n\n\n<p>F\u00fcr den Inhalt der Beitr\u00e4ge sind die jeweiligen Autoren verantwortlich. Die Inhalte sind urheberrechtlich gesch\u00fctzt. Bilder d\u00fcrfen nur nach Genehmigung des Urhebers verwendet werden. <a href=\"http:\/\/www.psnv-saarland.de\/index.php\/download\/presse-material\/\">F\u00fcr die Presse<\/a> stellen wir (auf Anfrage auch weitere) Materialien bereit.<\/p>\n\n\n\n<h2 class=\"wp-block-heading\">Kontakt zum Landesbeauftragten PSNV<\/h2>\n\n\n\n<div class=\"wpcf7 no-js\" id=\"wpcf7-f928-o1\" lang=\"de-DE\" dir=\"ltr\" data-wpcf7-id=\"928\">\n<div class=\"screen-reader-response\"><p role=\"status\" aria-live=\"polite\" aria-atomic=\"true\"><\/p> <ul><\/ul><\/div>\n<form action=\"\/index.php\/wp-json\/wp\/v2\/pages\/9#wpcf7-f928-o1\" method=\"post\" class=\"wpcf7-form init\" aria-label=\"Kontaktformular\" novalidate=\"novalidate\" data-status=\"init\">\n<fieldset class=\"hidden-fields-container\"><input type=\"hidden\" name=\"_wpcf7\" value=\"928\" \/><input type=\"hidden\" name=\"_wpcf7_version\" value=\"6.1.5\" \/><input type=\"hidden\" name=\"_wpcf7_locale\" value=\"de_DE\" \/><input type=\"hidden\" name=\"_wpcf7_unit_tag\" value=\"wpcf7-f928-o1\" \/><input type=\"hidden\" name=\"_wpcf7_container_post\" value=\"0\" \/><input type=\"hidden\" name=\"_wpcf7_posted_data_hash\" value=\"\" \/><input type=\"hidden\" name=\"_wpcf7_recaptcha_response\" value=\"\" \/>\n<\/fieldset>\n<p>Bitte beachten Sie: Die Leitungsgruppe ist eine Kontaktgruppe f\u00fcr \u00c4mter und Beh\u00f6rden oder Landesbeauftragte PSNV anderer Bundesl\u00e4nder. Sie ist weder der Vorstand des Vereins noch ein Weg f\u00fcr die Alarmierung.\n<\/p>\n<p>Ihr Name (Pflichtfeld)\n<\/p>\n<p><span class=\"wpcf7-form-control-wrap\" data-name=\"your-name\"><input size=\"40\" maxlength=\"400\" class=\"wpcf7-form-control wpcf7-text wpcf7-validates-as-required\" aria-required=\"true\" aria-invalid=\"false\" value=\"\" type=\"text\" name=\"your-name\" \/><\/span>\n<\/p>\n<p>Ihre E-Mail-Adresse (Pflichtfeld)\n<\/p>\n<p><span class=\"wpcf7-form-control-wrap\" data-name=\"your-email\"><input size=\"40\" maxlength=\"400\" class=\"wpcf7-form-control wpcf7-email wpcf7-validates-as-required wpcf7-text wpcf7-validates-as-email\" aria-required=\"true\" aria-invalid=\"false\" value=\"\" type=\"email\" name=\"your-email\" \/><\/span>\n<\/p>\n<p>(Optional) Ihre Telefonnummer\n<\/p>\n<p><span class=\"wpcf7-form-control-wrap\" data-name=\"tel-150\"><input size=\"40\" maxlength=\"400\" class=\"wpcf7-form-control wpcf7-tel wpcf7-text wpcf7-validates-as-tel\" aria-invalid=\"false\" value=\"\" type=\"tel\" name=\"tel-150\" \/><\/span>\n<\/p>\n<p>Betreff\n<\/p>\n<p><span class=\"wpcf7-form-control-wrap\" data-name=\"your-subject\"><input size=\"40\" maxlength=\"400\" class=\"wpcf7-form-control wpcf7-text\" aria-invalid=\"false\" value=\"\" type=\"text\" name=\"your-subject\" \/><\/span>\n<\/p>\n<p>Ihre Nachricht\n<\/p>\n<p><span class=\"wpcf7-form-control-wrap\" data-name=\"your-message\"><textarea cols=\"40\" rows=\"10\" maxlength=\"2000\" class=\"wpcf7-form-control wpcf7-textarea wpcf7-validates-as-required\" aria-required=\"true\" aria-invalid=\"false\" name=\"your-message\"><\/textarea><\/span>\n<\/p>\n<p><br \/>\n\n<\/p>\n<p><input class=\"wpcf7-form-control wpcf7-submit has-spinner\" type=\"submit\" value=\"Senden\" \/>\n<\/p><div class=\"wpcf7-response-output\" aria-hidden=\"true\"><\/div>\n<\/form>\n<\/div>\n\n\n\n\n<p>Oder per E-Mail: <strong><a href=\"mail&#116;&#111;&#58;&#108;&#101;&#x69;&#x74;&#x75;&#x6e;&#x67;&#x73;&#x67;rupp&#101;&#64;&#112;&#115;&#110;&#x76;&#x2d;&#x73;&#x61;&#x61;&#x72;&#x6c;&#x61;nd&#46;d&#101;\">&#108;&#x65;&#x69;t&#117;&#x6e;&#x67;s&#103;&#x72;u&#112;&#x70;&#x65;&#64;&#112;&#x73;n&#118;&#x2d;&#x73;a&#97;&#x72;&#x6c;&#97;&#x6e;&#x64;&#46;&#100;&#x65;<\/a><\/strong><\/p>\n\n\n\n<h3 class=\"wp-block-heading\">Kontakt zur Pressestelle \/ zum Betreuer der Webseite<\/h3>\n\n\n\n<div class=\"wpcf7 no-js\" id=\"wpcf7-f976-o2\" lang=\"de-DE\" dir=\"ltr\" data-wpcf7-id=\"976\">\n<div class=\"screen-reader-response\"><p role=\"status\" aria-live=\"polite\" aria-atomic=\"true\"><\/p> <ul><\/ul><\/div>\n<form action=\"\/index.php\/wp-json\/wp\/v2\/pages\/9#wpcf7-f976-o2\" method=\"post\" class=\"wpcf7-form init\" aria-label=\"Kontaktformular\" enctype=\"multipart\/form-data\" novalidate=\"novalidate\" data-status=\"init\">\n<fieldset class=\"hidden-fields-container\"><input type=\"hidden\" name=\"_wpcf7\" value=\"976\" \/><input type=\"hidden\" name=\"_wpcf7_version\" value=\"6.1.5\" \/><input type=\"hidden\" name=\"_wpcf7_locale\" value=\"de_DE\" \/><input type=\"hidden\" name=\"_wpcf7_unit_tag\" value=\"wpcf7-f976-o2\" \/><input type=\"hidden\" name=\"_wpcf7_container_post\" value=\"0\" \/><input type=\"hidden\" name=\"_wpcf7_posted_data_hash\" value=\"\" \/><input type=\"hidden\" name=\"_wpcf7_recaptcha_response\" value=\"\" \/>\n<\/fieldset>\n<p>Sie wollen Kontakt mit unserem Verein aufnehmen und haben ein Anliegen, das eine Antwort nicht sofort erfordert? Dann sind Sie hier richtig.\n<\/p>\n<p>Wir kl\u00e4ren f\u00fcr Sie die Sachverhalte und beantworten Ihre Fragen gerne. Auf diesem Wege erreichen Sie auch den Vorstand des Vereins.\n<\/p>\n<p>Ihr Name (Pflichtfeld)\n<\/p>\n<p><span class=\"wpcf7-form-control-wrap\" data-name=\"your-name\"><input size=\"40\" maxlength=\"400\" class=\"wpcf7-form-control wpcf7-text wpcf7-validates-as-required\" aria-required=\"true\" aria-invalid=\"false\" value=\"\" type=\"text\" name=\"your-name\" \/><\/span>\n<\/p>\n<p>Ihre E-Mail-Adresse (Pflichtfeld)\n<\/p>\n<p><span class=\"wpcf7-form-control-wrap\" data-name=\"your-email\"><input size=\"40\" maxlength=\"400\" class=\"wpcf7-form-control wpcf7-email wpcf7-validates-as-required wpcf7-text wpcf7-validates-as-email\" aria-required=\"true\" aria-invalid=\"false\" value=\"\" type=\"email\" name=\"your-email\" \/><\/span>\n<\/p>\n<p>Betreff (Pflichtfeld)\n<\/p>\n<p><span class=\"wpcf7-form-control-wrap\" data-name=\"your-subject\"><input size=\"40\" maxlength=\"400\" class=\"wpcf7-form-control wpcf7-text wpcf7-validates-as-required\" aria-required=\"true\" aria-invalid=\"false\" value=\"\" type=\"text\" name=\"your-subject\" \/><\/span>\n<\/p>\n<p>Ihre Nachricht (Pflichtfeld)\n<\/p>\n<p><span class=\"wpcf7-form-control-wrap\" data-name=\"your-message\"><textarea cols=\"40\" rows=\"10\" maxlength=\"2000\" class=\"wpcf7-form-control wpcf7-textarea wpcf7-validates-as-required\" aria-required=\"true\" aria-invalid=\"false\" name=\"your-message\"><\/textarea><\/span>\n<\/p>\n<p>Datei anh\u00e4ngen: <span class=\"wpcf7-form-control-wrap\" data-name=\"file-527\"><input size=\"40\" class=\"wpcf7-form-control wpcf7-file\" accept=\"audio\/*,video\/*,image\/*\" aria-invalid=\"false\" type=\"file\" name=\"file-527\" \/><\/span>\n<\/p>\n<p>Tragen Sie bitte diesen Text ein:<br \/>\n\n<\/p>\n<p><input class=\"wpcf7-form-control wpcf7-submit has-spinner\" type=\"submit\" value=\"Senden\" \/>\n<\/p><div class=\"wpcf7-response-output\" aria-hidden=\"true\"><\/div>\n<\/form>\n<\/div>\n\n\n\n\n<p>Oder per E-Mail an: <a href=\"mai&#108;&#116;&#111;&#x3a;&#x70;&#x72;&#x65;&#x73;&#x73;e&#64;n&#111;&#116;&#102;&#97;&#x6c;&#x6c;&#x73;&#x65;&#x65;&#x6c;sor&#103;&#101;&#46;&#x73;&#x61;&#x61;&#x72;&#x6c;&#x61;nd\"><strong>&#x70;r&#x65;s&#x73;&#101;&#x40;&#110;o&#x74;f&#x61;&#108;&#x6c;&#115;&#x65;&#101;l&#x73;o&#x72;&#103;&#x65;&#46;&#x73;&#x61;a&#x72;l&#x61;&#110;&#x64;<\/strong><\/a><\/p>\n\n\n\n<h1 class=\"wp-block-heading\">Datenschutzerkl\u00e4rung<\/h1>\n\n\n\n<h2 class=\"wp-block-heading\"><strong>Begrifflichkeiten<\/strong><\/h2>\n\n\n\n<p>&#8222;Angebot&#8220;, &#8222;Webseite&#8220; &#8211; die Internetseite der NKS.<\/p>\n\n\n\n<p>&#8222;Anbieter&#8220;, &#8222;Verantwortliche Stelle&#8220; &#8211; die NKS.<\/p>\n\n\n\n<p>&#8222;Personenbezogenen Daten&#8220; &#8211; Einzelangaben \u00fcber pers\u00f6nliche oder sachliche Verh\u00e4ltnisse zu einer Person, durch welche diese Person identifiziert werden kann oder identifizierbar wird (dazu geh\u00f6ren unter anderem Personennamen, Telefonnummern, postalische Adressen, IP-Adressen und E-Mail-Adressen)<\/p>\n\n\n\n<h2 class=\"wp-block-heading\"><strong>Geltungsbereich<\/strong><\/h2>\n\n\n\n<p>Die folgenden Angaben gelten f\u00fcr die personenbezogenen Daten sofern diese vom Server oder von der Software auf dieser Website verarbeitet werden.<\/p>\n\n\n\n<p>Die rechtlichen Grundlagen des Datenschutzes ergeben sich aus dem Bundesdatenschutzgesetz (BDSG) und dem TDDDG sowie der Datenschutzgrundverordnung der Europ\u00e4ischen Union (DSGVO).<\/p>\n\n\n\n<h2 class=\"wp-block-heading\"><strong>Automatisiert erhobene Zugriffsdaten<\/strong><\/h2>\n\n\n\n<p><span class=\"sd-muster-content\">Der Anbieter erhebt und verarbeitet Daten \u00fcber jeden Zugriff auf das Angebot (sog. Serverlogfiles). Zu den Zugriffsdaten geh\u00f6ren:<\/span><\/p>\n\n\n\n<p>URL der abgerufenen Webseite und der zugeh\u00f6rigen Dateien, Datum und Uhrzeit des Abrufs, \u00fcbertragene Datenmenge, Meldung \u00fcber erfolgreichen Abruf, Browsertyp nebst Version, das Betriebssystem des Nutzers, Referrer URL (die verweisende Seite) und IP-Adresse oder FQDN des Besuchers.<\/p>\n\n\n\n<p>Der Anbieter verwendet die Protokolldaten nur f\u00fcr statistische Auswertungen zum Zweck des Betriebs, der Sicherheit und der Optimierung des Angebotes. Der Anbieter beh\u00e4lt sich jedoch vor, die Protokolldaten nachtr\u00e4glich zu \u00fcberpr\u00fcfen, wenn aufgrund konkreter Anhaltspunkte der berechtigte Verdacht einer rechtswidrigen Nutzung besteht.<\/p>\n\n\n\n<h2 class=\"wp-block-heading\"><strong>Umgang mit personenbezogenen Daten<\/strong><\/h2>\n\n\n\n<p><span class=\"sd-muster-content\">Personenbezogene Daten sind Informationen, mit deren Hilfe eine Person identifiziert oder identifizierbar wird. Diese<\/span> Daten werden von dem Anbieter verarbeitet (erhoben, genutzt und weiter gegeben), wenn dies durch eine Rechtsvorschrift erlaubt oder vorgeschrieben ist bzw. der Nutzer in die Datenverarbeitung einwilligt. Sie werden nur zum entsprechenden Zweck und nur solange verarbeitet, bis dieser entf\u00e4llt (Zweckbindung). Im Falle der Kontaktaufnahme per E-Mail oder Webformular hat die Verantwortliche Stelle ihre Sachbearbeiter im Umgang mit den Daten unterwiesen und auf das Datengeheimnis verpflichtet. Die Daten in den Kontaktformularen werden von der Verantwortlichen Stelle auf das Notwendigste beschr\u00e4nkt (Datenminimierung) und sollen nicht um besonders sch\u00fctzenswerte Angaben (Gesundheitsdaten, Weltanschauung, Religion, Ethnie, etc.) erweitert werden, wenn die Kontaktaufnahme dies nicht erfordert.<\/p>\n\n\n\n<h2 class=\"wp-block-heading\"><strong>Widerruf, \u00c4nderungen, Berichtigungen und Aktualisierungen<\/strong><\/h2>\n\n\n\n<p>Der Nutzer hat das Recht, auf Antrag unentgeltlich Auskunft zu erhalten \u00fcber die personenbezogenen Daten, die \u00fcber ihn gespeichert wurden. Zus\u00e4tzlich hat der Nutzer das Recht auf Berichtigung unrichtiger Daten, Sperrung und L\u00f6schung seiner personenbezogenen Daten, soweit diese auf der Grundlage der Einwilligung in die Datenverarbeitung basiert. Wenden Sie sich diesbez\u00fcglich immer an den Vorstand.<\/p>\n\n\n\n<h2 class=\"wp-block-heading\"><strong>Der Datenschutzbeauftragte<\/strong><\/h2>\n\n\n\n<p>F\u00fcr Ausk\u00fcnfte \u00fcber Verfahren der Datenverarbeitung, technisch-organisatorische Ma\u00dfnahmen zum Schutz der Integrit\u00e4t, Vertraulichkeit und Verf\u00fcgbarkeit der personenbezogenen Daten sowie zum einreichen einer Beschwerde \u00fcber mutma\u00dfliche Verletzungen des Schutzes wenden Sie sich bitte per E-Mail an den Datenschutzbeauftragten unter <a href=\"&#109;&#x61;&#105;&#x6c;&#116;&#x6f;:&#x64;a&#x74;e&#110;&#x73;&#99;&#x68;&#117;&#x74;&#122;&#x40;p&#x73;n&#x76;-&#115;&#x61;&#97;&#x72;&#108;&#x61;&#110;&#x64;&#46;&#x64;e\">dat&#101;&#110;&#115;&#x63;&#x68;&#x75;&#x74;&#x7a;&#x40;psn&#118;&#45;&#115;&#97;&#x61;&#x72;&#x6c;&#x61;&#x6e;&#x64;&#46;de<\/a><\/p>\n\n\n\n<h2 class=\"wp-block-heading\">Externe Dienstanbieter<\/h2>\n\n\n\n<p>Auf Seiten mit Kontaktformularen wird der Dienst reCAPTCHA des Unternehmens Google Inc. (Google) verwendet. Die die Software dient der Unterscheidung, ob die Eingabe durch einen Menschen oder missbr\u00e4uchlich durch mMaschinen erfolgt. Der Aufruf dieser Seiten f\u00fchrt unweigerlich zum direkten Kontakt zwischen Ihrem Browser und Google-Servern und somit zum Versand der IP-Adresse und ggf. weiterer von Google f\u00fcr den Dienst reCAPTCHA ben\u00f6tigter Daten an ihn. <a href=\"https:\/\/www.google.com\/intl\/de_de\/policies\/privacy\/\">Die Datenschutzerkl\u00e4rung von Google Inc. finden Sie hier<\/a>.<\/p>\n","protected":false},"excerpt":{"rendered":"<p>Betreiber dieser Webseite im Sinne des Digitale-Dienste-Gesetzes (DDG) mit den folgenden Dom\u00e4nen: und verantwortlich f\u00fcr die Verarbeitung Ihrer pers\u00f6nlichen Daten im Sinne des Bundesdatenschutzgesetzes (BDSG) bzw. der EU-Datenschutzgrundverordnung (2016\/679 \/ DSGVo) ist Die Notfallseelsorge und Krisenintervention Saarland e. V. (kurz: &#8222;NKS&#8220;)<\/p>\n","protected":false},"author":2,"featured_media":0,"parent":0,"menu_order":140,"comment_status":"closed","ping_status":"open","template":"","meta":{"_eb_attr":"","_uag_custom_page_level_css":"","site-sidebar-layout":"default","site-content-layout":"","ast-site-content-layout":"","site-content-style":"default","site-sidebar-style":"default","ast-global-header-display":"","ast-banner-title-visibility":"","ast-main-header-display":"","ast-hfb-above-header-display":"","ast-hfb-below-header-display":"","ast-hfb-mobile-header-display":"","site-post-title":"","ast-breadcrumbs-content":"","ast-featured-img":"","footer-sml-layout":"","theme-transparent-header-meta":"","adv-header-id-meta":"","stick-header-meta":"","header-above-stick-meta":"","header-main-stick-meta":"","header-below-stick-meta":"","astra-migrate-meta-layouts":"default","ast-page-background-enabled":"default","ast-page-background-meta":{"desktop":{"background-color":"var(--ast-global-color-4)","background-image":"","background-repeat":"repeat","background-position":"center center","background-size":"auto","background-attachment":"scroll","background-type":"","background-media":"","overlay-type":"","overlay-color":"","overlay-opacity":"","overlay-gradient":""},"tablet":{"background-color":"","background-image":"","background-repeat":"repeat","background-position":"center center","background-size":"auto","background-attachment":"scroll","background-type":"","background-media":"","overlay-type":"","overlay-color":"","overlay-opacity":"","overlay-gradient":""},"mobile":{"background-color":"","background-image":"","background-repeat":"repeat","background-position":"center center","background-size":"auto","background-attachment":"scroll","background-type":"","background-media":"","overlay-type":"","overlay-color":"","overlay-opacity":"","overlay-gradient":""}},"ast-content-background-meta":{"desktop":{"background-color":"var(--ast-global-color-5)","background-image":"","background-repeat":"repeat","background-position":"center center","background-size":"auto","background-attachment":"scroll","background-type":"","background-media":"","overlay-type":"","overlay-color":"","overlay-opacity":"","overlay-gradient":""},"tablet":{"background-color":"var(--ast-global-color-5)","background-image":"","background-repeat":"repeat","background-position":"center center","background-size":"auto","background-attachment":"scroll","background-type":"","background-media":"","overlay-type":"","overlay-color":"","overlay-opacity":"","overlay-gradient":""},"mobile":{"background-color":"var(--ast-global-color-5)","background-image":"","background-repeat":"repeat","background-position":"center center","background-size":"auto","background-attachment":"scroll","background-type":"","background-media":"","overlay-type":"","overlay-color":"","overlay-opacity":"","overlay-gradient":""}},"footnotes":""},"class_list":["post-9","page","type-page","status-publish","hentry"],"uagb_featured_image_src":{"full":false,"thumbnail":false,"medium":false,"medium_large":false,"large":false,"1536x1536":false,"2048x2048":false},"uagb_author_info":{"display_name":"Ingo Vigneron","author_link":"https:\/\/notfallseelsorge.saarland\/index.php\/author\/ingo\/"},"uagb_comment_info":0,"uagb_excerpt":"Betreiber dieser Webseite im Sinne des Digitale-Dienste-Gesetzes (DDG) mit den folgenden Dom\u00e4nen: und verantwortlich f\u00fcr die Verarbeitung Ihrer pers\u00f6nlichen Daten im Sinne des Bundesdatenschutzgesetzes (BDSG) bzw. der EU-Datenschutzgrundverordnung (2016\/679 \/ DSGVo) ist Die Notfallseelsorge und Krisenintervention Saarland e. V. (kurz: &#8222;NKS&#8220;)","_links":{"self":[{"href":"https:\/\/notfallseelsorge.saarland\/index.php\/wp-json\/wp\/v2\/pages\/9","targetHints":{"allow":["GET"]}}],"collection":[{"href":"https:\/\/notfallseelsorge.saarland\/index.php\/wp-json\/wp\/v2\/pages"}],"about":[{"href":"https:\/\/notfallseelsorge.saarland\/index.php\/wp-json\/wp\/v2\/types\/page"}],"author":[{"embeddable":true,"href":"https:\/\/notfallseelsorge.saarland\/index.php\/wp-json\/wp\/v2\/users\/2"}],"replies":[{"embeddable":true,"href":"https:\/\/notfallseelsorge.saarland\/index.php\/wp-json\/wp\/v2\/comments?post=9"}],"version-history":[{"count":38,"href":"https:\/\/notfallseelsorge.saarland\/index.php\/wp-json\/wp\/v2\/pages\/9\/revisions"}],"predecessor-version":[{"id":2216,"href":"https:\/\/notfallseelsorge.saarland\/index.php\/wp-json\/wp\/v2\/pages\/9\/revisions\/2216"}],"wp:attachment":[{"href":"https:\/\/notfallseelsorge.saarland\/index.php\/wp-json\/wp\/v2\/media?parent=9"}],"curies":[{"name":"wp","href":"https:\/\/api.w.org\/{rel}","templated":true}]}}