{"id":998,"date":"2014-03-30T15:27:52","date_gmt":"2014-03-30T14:27:52","guid":{"rendered":"http:\/\/www.psnv-saarland.de\/?page_id=998"},"modified":"2023-10-22T14:59:07","modified_gmt":"2023-10-22T13:59:07","slug":"der-verein","status":"publish","type":"page","link":"https:\/\/notfallseelsorge.saarland\/index.php\/der-verein\/","title":{"rendered":"Der Verein"},"content":{"rendered":"<p>Die Psychosoziale Notfallversorgung (PSNV) ist eine Einrichtung des Katastrophenschutzes. Als solche wird sie im Saarl\u00e4ndischen Brand- und Katastrophenschutzgesetz seit 2006 genannt. Ihr Aufgabengebiet umfasst sowohl die psychosoziale Akuthilfe f\u00fcr Opfer, Angeh\u00f6rige und Betroffene (PSNV-B) eines traumatisierenden Ereignisses als auch die Vor- und Nachsorge f\u00fcr Einsatzkr\u00e4fte (PSNV-E) der anderen Fachdienste der Katastrophenschutzes im Saarland. Das erste saarlandweit operierende Netzwerk der psychosozialen Akuthilfe sowie der Nachsorge f\u00fcr belastete Einsatzkr\u00e4fte organisierte sich 2006 in Form eines Vereins und wurde vom Amtsgericht Saarbr\u00fccken in das Vereinsregister der Landeshauptstadt Saarbr\u00fccken unter der Nummer VR 4941 eingetragen.<\/p>\n<p><!--more-->Notfallseelsorge und Krisenintervention Saarland e.V. stellt die juristische Person der gleichnamigen Organisation dar. Der Verein ist die siebte der Hilfsorganisationen des saarl\u00e4ndischen Katastrophenschutzes und genie\u00dft in ihrer Funktion als Fachdienst PSNV die allgemeine Anerkennung der obersten Katastrophenschutzbeh\u00f6rde des Saarlandes.<\/p>\n<p>Neben der sog. operativen Struktur f\u00fcr die Eins\u00e4tze selbst existiert die interne Struktur des Vereins, die der demokratischen Willensbildung und der Leitung dient. Jede der auf der Ebene des Landkreises organisierten Einsatzgruppen der PSNV-B sowie die Gesamtheit der PSNV-E stellen je einen stimmberechtigten Delegierten in der Mitgliederversammlung. Diese treffen stellvertretend f\u00fcr alle Mitglieder die Entscheidungen und w\u00e4hlen den Vorstand. Der Vorstand, der aus drei Personen besteht, beruft nach eigenem Ermessen Beisitzer f\u00fcr einzelne Aufgabengebiete und ernennt die Einsatzgruppenleiter.<\/p>\n<p>Als gemeinn\u00fctzige Einrichtung sind wir auf Spenden und Unterst\u00fctzung angewiesen.\u00a0 Wenn sie uns unterst\u00fctzen wollen, besuchen Sie bitte die <a href=\"\/index.php\/sie-mochten-spenden\/\">Seite f\u00fcr Spendninformationen<\/a> f\u00fcr weitere Hinweise.<\/p>\n","protected":false},"excerpt":{"rendered":"<p>Die Psychosoziale Notfallversorgung (PSNV) ist eine Einrichtung des Katastrophenschutzes. Als solche wird sie im Saarl\u00e4ndischen Brand- und Katastrophenschutzgesetz seit 2006 genannt. Ihr Aufgabengebiet umfasst sowohl die psychosoziale Akuthilfe f\u00fcr Opfer, Angeh\u00f6rige und Betroffene (PSNV-B) eines traumatisierenden Ereignisses als auch die Vor- und Nachsorge f\u00fcr Einsatzkr\u00e4fte (PSNV-E) der anderen Fachdienste der Katastrophenschutzes im Saarland. Das erste [&hellip;]<\/p>\n","protected":false},"author":1,"featured_media":0,"parent":0,"menu_order":0,"comment_status":"open","ping_status":"open","template":"","meta":{"_eb_attr":"","_uag_custom_page_level_css":"","site-sidebar-layout":"default","site-content-layout":"","ast-site-content-layout":"default","site-content-style":"default","site-sidebar-style":"default","ast-global-header-display":"","ast-banner-title-visibility":"","ast-main-header-display":"","ast-hfb-above-header-display":"","ast-hfb-below-header-display":"","ast-hfb-mobile-header-display":"","site-post-title":"","ast-breadcrumbs-content":"","ast-featured-img":"","footer-sml-layout":"","theme-transparent-header-meta":"","adv-header-id-meta":"","stick-header-meta":"","header-above-stick-meta":"","header-main-stick-meta":"","header-below-stick-meta":"","astra-migrate-meta-layouts":"default","ast-page-background-enabled":"default","ast-page-background-meta":{"desktop":{"background-color":"var(--ast-global-color-4)","background-image":"","background-repeat":"repeat","background-position":"center center","background-size":"auto","background-attachment":"scroll","background-type":"","background-media":"","overlay-type":"","overlay-color":"","overlay-opacity":"","overlay-gradient":""},"tablet":{"background-color":"","background-image":"","background-repeat":"repeat","background-position":"center center","background-size":"auto","background-attachment":"scroll","background-type":"","background-media":"","overlay-type":"","overlay-color":"","overlay-opacity":"","overlay-gradient":""},"mobile":{"background-color":"","background-image":"","background-repeat":"repeat","background-position":"center center","background-size":"auto","background-attachment":"scroll","background-type":"","background-media":"","overlay-type":"","overlay-color":"","overlay-opacity":"","overlay-gradient":""}},"ast-content-background-meta":{"desktop":{"background-color":"var(--ast-global-color-5)","background-image":"","background-repeat":"repeat","background-position":"center center","background-size":"auto","background-attachment":"scroll","background-type":"","background-media":"","overlay-type":"","overlay-color":"","overlay-opacity":"","overlay-gradient":""},"tablet":{"background-color":"var(--ast-global-color-5)","background-image":"","background-repeat":"repeat","background-position":"center center","background-size":"auto","background-attachment":"scroll","background-type":"","background-media":"","overlay-type":"","overlay-color":"","overlay-opacity":"","overlay-gradient":""},"mobile":{"background-color":"var(--ast-global-color-5)","background-image":"","background-repeat":"repeat","background-position":"center center","background-size":"auto","background-attachment":"scroll","background-type":"","background-media":"","overlay-type":"","overlay-color":"","overlay-opacity":"","overlay-gradient":""}},"footnotes":""},"class_list":["post-998","page","type-page","status-publish","hentry"],"uagb_featured_image_src":{"full":false,"thumbnail":false,"medium":false,"medium_large":false,"large":false,"1536x1536":false,"2048x2048":false},"uagb_author_info":{"display_name":"admin","author_link":"https:\/\/notfallseelsorge.saarland\/index.php\/author\/admin\/"},"uagb_comment_info":0,"uagb_excerpt":"Die Psychosoziale Notfallversorgung (PSNV) ist eine Einrichtung des Katastrophenschutzes. Als solche wird sie im Saarl\u00e4ndischen Brand- und Katastrophenschutzgesetz seit 2006 genannt. Ihr Aufgabengebiet umfasst sowohl die psychosoziale Akuthilfe f\u00fcr Opfer, Angeh\u00f6rige und Betroffene (PSNV-B) eines traumatisierenden Ereignisses als auch die Vor- und Nachsorge f\u00fcr Einsatzkr\u00e4fte (PSNV-E) der anderen Fachdienste der Katastrophenschutzes im Saarland. Das erste&hellip;","_links":{"self":[{"href":"https:\/\/notfallseelsorge.saarland\/index.php\/wp-json\/wp\/v2\/pages\/998","targetHints":{"allow":["GET"]}}],"collection":[{"href":"https:\/\/notfallseelsorge.saarland\/index.php\/wp-json\/wp\/v2\/pages"}],"about":[{"href":"https:\/\/notfallseelsorge.saarland\/index.php\/wp-json\/wp\/v2\/types\/page"}],"author":[{"embeddable":true,"href":"https:\/\/notfallseelsorge.saarland\/index.php\/wp-json\/wp\/v2\/users\/1"}],"replies":[{"embeddable":true,"href":"https:\/\/notfallseelsorge.saarland\/index.php\/wp-json\/wp\/v2\/comments?post=998"}],"version-history":[{"count":7,"href":"https:\/\/notfallseelsorge.saarland\/index.php\/wp-json\/wp\/v2\/pages\/998\/revisions"}],"predecessor-version":[{"id":2033,"href":"https:\/\/notfallseelsorge.saarland\/index.php\/wp-json\/wp\/v2\/pages\/998\/revisions\/2033"}],"wp:attachment":[{"href":"https:\/\/notfallseelsorge.saarland\/index.php\/wp-json\/wp\/v2\/media?parent=998"}],"curies":[{"name":"wp","href":"https:\/\/api.w.org\/{rel}","templated":true}]}}